{"id":386543,"date":"2026-03-24T14:11:28","date_gmt":"2026-03-24T12:11:28","guid":{"rendered":"https:\/\/cecot.org\/?page_id=386543"},"modified":"2026-03-25T09:42:30","modified_gmt":"2026-03-25T07:42:30","slug":"preguntes-frequents","status":"publish","type":"page","link":"https:\/\/cecot.org\/es\/preguntes-frequents\/","title":{"rendered":"Preguntes freq\u00fcents"},"content":{"rendered":"<p>[et_pb_section fb_built=&#8221;1&#8243; _builder_version=&#8221;4.27.6&#8243; _module_preset=&#8221;default&#8221; da_disable_devices=&#8221;off|off|off&#8221; global_colors_info=&#8221;{}&#8221; da_is_popup=&#8221;off&#8221; da_exit_intent=&#8221;off&#8221; da_has_close=&#8221;on&#8221; da_alt_close=&#8221;off&#8221; da_dark_close=&#8221;off&#8221; da_not_modal=&#8221;on&#8221; da_is_singular=&#8221;off&#8221; da_with_loader=&#8221;off&#8221; da_has_shadow=&#8221;on&#8221;][et_pb_row _builder_version=&#8221;4.27.6&#8243; _module_preset=&#8221;default&#8221; max_width=&#8221;900px&#8221; custom_padding=&#8221;||0px|||&#8221; global_colors_info=&#8221;{}&#8221;][et_pb_column type=&#8221;4_4&#8243; _builder_version=&#8221;4.27.6&#8243; _module_preset=&#8221;default&#8221; global_colors_info=&#8221;{}&#8221;][et_pb_heading title=&#8221;Preguntes freq\u00fcents&#8221; _builder_version=&#8221;4.27.6&#8243; _module_preset=&#8221;default&#8221; title_font_size=&#8221;42px&#8221; title_line_height=&#8221;1.3em&#8221; custom_margin=&#8221;||-1px|||&#8221; global_colors_info=&#8221;{}&#8221;][\/et_pb_heading][et_pb_text _builder_version=&#8221;4.27.6&#8243; _module_preset=&#8221;default&#8221; text_font_size=&#8221;21px&#8221; text_line_height=&#8221;1.6em&#8221; global_colors_info=&#8221;{}&#8221;]<\/p>\n<p>Resolem els dubtes m\u00e9s habituals de les empreses, professionals i persones aut\u00f2nomes sobre com podem ajudar-te a cr\u00e9ixer, defensar els teus interessos i accedir a serveis \u00fatils en el teu dia a dia.<\/p>\n<p>[\/et_pb_text][et_pb_search placeholder=&#8221;Buscar&#8221; _builder_version=&#8221;4.27.6&#8243; _module_preset=&#8221;default&#8221; global_colors_info=&#8221;{}&#8221;][\/et_pb_search][et_pb_heading title=&#8221;Taula de continguts&#8221; _builder_version=&#8221;4.27.6&#8243; _module_preset=&#8221;default&#8221; title_level=&#8221;h2&#8243; title_font_size=&#8221;42px&#8221; title_line_height=&#8221;1.3em&#8221; custom_margin=&#8221;||-1px|||&#8221; hover_enabled=&#8221;0&#8243; global_colors_info=&#8221;{}&#8221; sticky_enabled=&#8221;0&#8243;][\/et_pb_heading][et_pb_text _builder_version=&#8221;4.27.6&#8243; _module_preset=&#8221;default&#8221; text_line_height=&#8221;1.6em&#8221; hover_enabled=&#8221;0&#8243; global_colors_info=&#8221;{}&#8221; sticky_enabled=&#8221;0&#8243;]<\/p>\n<ol>\n<li>Sobre la Cecot<\/li>\n<li>Associar-se a la Cecot<\/li>\n<li>Serveis<\/li>\n<li>Necessitats<\/li>\n<li>Assessoraments<\/li>\n<li>Col\u00b7lectius, associacions i gremis<\/li>\n<li>Activitats i esdeveniments<\/li>\n<li>Suport Web<\/li>\n<li>Actualitat i comunicaci\u00f3<\/li>\n<li>Espai multim\u00e8dia<\/li>\n<li>\u00c0rea privada<\/li>\n<li>Formaci\u00f3<\/li>\n<li>Acords i descomptes<\/li>\n<li>Temes pilars<\/li>\n<\/ol>\n<p>[\/et_pb_text][et_pb_code _builder_version=&#8221;4.27.6&#8243; _module_preset=&#8221;default&#8221; global_colors_info=&#8221;{}&#8221;]<\/p>\n<div id=\"contenidor-faqs\"><\/div>\n<p>[\/et_pb_code][\/et_pb_column][\/et_pb_row][\/et_pb_section]<\/p>\n","protected":false},"excerpt":{"rendered":"<p>Preguntes freq\u00fcents de Cecot: resol dubtes sobre serveis, associaci\u00f3, assessorament, formaci\u00f3, col\u00b7lectius i recursos per a empreses.<\/p>\n","protected":false},"author":4,"featured_media":386637,"parent":0,"menu_order":0,"comment_status":"closed","ping_status":"closed","template":"","meta":{"_seopress_robots_primary_cat":"","_seopress_titles_title":"","_seopress_titles_desc":"","_seopress_robots_index":"","_et_pb_use_builder":"on","_et_pb_old_content":"","_et_gb_content_width":"","footnotes":""},"categoria":[],"class_list":["post-386543","page","type-page","status-publish","has-post-thumbnail","hentry"],"_links":{"self":[{"href":"https:\/\/cecot.org\/es\/wp-json\/wp\/v2\/pages\/386543","targetHints":{"allow":["GET"]}}],"collection":[{"href":"https:\/\/cecot.org\/es\/wp-json\/wp\/v2\/pages"}],"about":[{"href":"https:\/\/cecot.org\/es\/wp-json\/wp\/v2\/types\/page"}],"author":[{"embeddable":true,"href":"https:\/\/cecot.org\/es\/wp-json\/wp\/v2\/users\/4"}],"replies":[{"embeddable":true,"href":"https:\/\/cecot.org\/es\/wp-json\/wp\/v2\/comments?post=386543"}],"version-history":[{"count":13,"href":"https:\/\/cecot.org\/es\/wp-json\/wp\/v2\/pages\/386543\/revisions"}],"predecessor-version":[{"id":386661,"href":"https:\/\/cecot.org\/es\/wp-json\/wp\/v2\/pages\/386543\/revisions\/386661"}],"wp:featuredmedia":[{"embeddable":true,"href":"https:\/\/cecot.org\/es\/wp-json\/wp\/v2\/media\/386637"}],"wp:attachment":[{"href":"https:\/\/cecot.org\/es\/wp-json\/wp\/v2\/media?parent=386543"}],"wp:term":[{"taxonomy":"categoria","embeddable":true,"href":"https:\/\/cecot.org\/es\/wp-json\/wp\/v2\/categoria?post=386543"}],"curies":[{"name":"wp","href":"https:\/\/api.w.org\/{rel}","templated":true}]}}