{"id":371990,"date":"2025-09-08T09:02:24","date_gmt":"2025-09-08T07:02:24","guid":{"rendered":"https:\/\/cecot.org\/somos-100-carbon-neutral\/"},"modified":"2025-09-08T09:02:25","modified_gmt":"2025-09-08T07:02:25","slug":"somos-100-carbon-neutral","status":"publish","type":"page","link":"https:\/\/cecot.org\/es\/somos-100-carbon-neutral\/","title":{"rendered":"Somos 100% Carbon Neutral"},"content":{"rendered":"\n<h2 class=\"wp-block-heading\">Somos la primera patronal catalana y espa\u00f1ola inscrita en el registro del MITERD al neutralizar el 100% de sus emisiones<\/h2>\n\n<p>La Cecot ha realizado durante el a\u00f1o 2022 el c\u00e1lculo de su huella de carbono de forma retroactiva desde el a\u00f1o 2017 con el objetivo de conocer el impacto de su actividad, la evoluci\u00f3n y efectividad de las acciones llevadas a cabo para reducir las emisiones de <strong>gases de efecto invernadero (GEH)<\/strong>, y la redacci\u00f3n (Carbon Neutral).<\/p>\n\n<p><strong>La huella de carbono<\/strong> es un t\u00e9rmino utilizado para describir la cantidad de GEI que se liberan a la atm\u00f3sfera directa o indirectamente como consecuencia de una actividad determinada, ya sea la fabricaci\u00f3n de un producto, la prestaci\u00f3n de un servicio, o el funcionamiento de una organizaci\u00f3n.<\/p>\n\n<p>Las huellas de carbono calculadas se han inscrito en el registro oficial de:<em> Huella de carbono, compensaci\u00f3n y proyectos de absorci\u00f3n del Ministerio para la Transici\u00f3n Ecol\u00f3gica y Reto Demogr\u00e1fico (<strong>MITERD<\/strong>)<\/em>, y una vez hechas las comprobaciones de la veracidad de los datos presentados, el MITERD ha otorgado a la Cecot los certificados y los de los hasta 2021, siendo 2021 el a\u00f1o en el que se ha completado el recorrido:<strong> huella de carbono calculada, reducida y compensada. <\/strong>Convirti\u00e9ndose as\u00ed en la primera patronal de Espa\u00f1a inscrita en el registro del MITERD al neutralizar el 100% de sus emisiones de alcance 1 y 2. Paralelamente, la Cecot tambi\u00e9n ha consolidado su compromiso con la reducci\u00f3n de emisiones adhiri\u00e9ndose a los <strong>Acuerdos Voluntarios<\/strong> de la Generalitat, un programa en el que las organizaciones de carbono siguiendo el modelo ISO14064, y por tanto un alcance de emisiones m\u00e1s amplio, sino a reducirlas.  <\/p>\n\n<p>En esta ruta hacia la descarbonizaci\u00f3n de la Cecot, se ha priorizado la reducci\u00f3n de los consumos de fuentes altamente emisivas, realizando una transici\u00f3n hacia las energ\u00edas renovables contratando a una comercializadora con garant\u00eda de origen renovable e instalando en sus tejados paneles fotovoltaicos de autoconsumo. Actualmente se trabaja en la reducci\u00f3n de otras fuentes de emisi\u00f3n m\u00e1s minoritarias, con el objetivo de llegar a una huella m\u00ednima de carbono. <\/p>\n\n<p> Este recorrido se ha dise\u00f1ado y gestionado desde la Oficina para la Transici\u00f3n Energ\u00e9tica de la Cecot, que tambi\u00e9n ofrece este servicio a las empresas.<\/p>\n\n<figure class=\"wp-block-image size-full is-resized\"><img data-dominant-color=\"dfebe0\" data-has-transparency=\"false\" loading=\"lazy\" decoding=\"async\" width=\"292\" height=\"249\" sizes=\"(max-width: 292px) 100vw, 292px\" src=\"https:\/\/cecot.org\/wp-content\/uploads\/2025\/09\/image.webp\" alt=\"image\" class=\"wp-image-371974 not-transparent\" style=\"--dominant-color: #dfebe0; width:390px;height:auto\"\/><\/figure>\n\n<figure class=\"wp-block-image size-full is-resized\"><img data-dominant-color=\"dfe6ea\" data-has-transparency=\"false\" loading=\"lazy\" decoding=\"async\" width=\"849\" height=\"485\" sizes=\"(max-width: 849px) 100vw, 849px\" src=\"https:\/\/cecot.org\/wp-content\/uploads\/2025\/09\/image-1.webp\" alt=\"image\" class=\"wp-image-371976 not-transparent\" style=\"--dominant-color: #dfe6ea; width:443px;height:auto\" srcset=\"https:\/\/cecot.org\/wp-content\/uploads\/2025\/09\/image-1.webp 849w, https:\/\/cecot.org\/wp-content\/uploads\/2025\/09\/image-1-480x274.webp 480w\" \/><\/figure>\n","protected":false},"excerpt":{"rendered":"<p>Somos la primera patronal catalana y espa\u00f1ola inscrita en el registro del MITERD al neutralizar el 100% de sus emisiones La Cecot ha realizado durante el a\u00f1o 2022 el c\u00e1lculo de su huella de carbono de forma retroactiva desde el a\u00f1o 2017 con el objetivo de conocer el impacto de su actividad, la evoluci\u00f3n y [&hellip;]<\/p>\n","protected":false},"author":4,"featured_media":0,"parent":0,"menu_order":0,"comment_status":"closed","ping_status":"closed","template":"","meta":{"_seopress_robots_primary_cat":"","_seopress_titles_title":"","_seopress_titles_desc":"","_seopress_robots_index":"","_et_pb_use_builder":"off","_et_pb_old_content":"","_et_gb_content_width":"","footnotes":""},"categoria":[],"class_list":["post-371990","page","type-page","status-publish","hentry"],"_links":{"self":[{"href":"https:\/\/cecot.org\/es\/wp-json\/wp\/v2\/pages\/371990","targetHints":{"allow":["GET"]}}],"collection":[{"href":"https:\/\/cecot.org\/es\/wp-json\/wp\/v2\/pages"}],"about":[{"href":"https:\/\/cecot.org\/es\/wp-json\/wp\/v2\/types\/page"}],"author":[{"embeddable":true,"href":"https:\/\/cecot.org\/es\/wp-json\/wp\/v2\/users\/4"}],"replies":[{"embeddable":true,"href":"https:\/\/cecot.org\/es\/wp-json\/wp\/v2\/comments?post=371990"}],"version-history":[{"count":1,"href":"https:\/\/cecot.org\/es\/wp-json\/wp\/v2\/pages\/371990\/revisions"}],"predecessor-version":[{"id":371991,"href":"https:\/\/cecot.org\/es\/wp-json\/wp\/v2\/pages\/371990\/revisions\/371991"}],"wp:attachment":[{"href":"https:\/\/cecot.org\/es\/wp-json\/wp\/v2\/media?parent=371990"}],"wp:term":[{"taxonomy":"categoria","embeddable":true,"href":"https:\/\/cecot.org\/es\/wp-json\/wp\/v2\/categoria?post=371990"}],"curies":[{"name":"wp","href":"https:\/\/api.w.org\/{rel}","templated":true}]}}