{"id":368213,"date":"2025-06-12T08:33:53","date_gmt":"2025-06-12T06:33:53","guid":{"rendered":"https:\/\/cecot.org\/politica-de-cookies\/"},"modified":"2025-06-12T08:33:55","modified_gmt":"2025-06-12T06:33:55","slug":"politica-de-cookies","status":"publish","type":"page","link":"https:\/\/cecot.org\/es\/politica-de-cookies\/","title":{"rendered":"Pol\u00edtica de Cookies"},"content":{"rendered":"<p>[et_pb_section fb_built=&#8221;1&#8243; admin_label=&#8221;section&#8221; _builder_version=&#8221;4.16&#8243; global_colors_info=&#8221;{}&#8221; theme_builder_area=&#8221;post_content&#8221; da_is_popup=&#8221;off&#8221; da_exit_intent=&#8221;off&#8221; da_has_close=&#8221;on&#8221; da_alt_close=&#8221;off&#8221; da_dark_close=&#8221;off&#8221; da_not_modal=&#8221;on&#8221; da_is_singular=&#8221;off&#8221; da_with_loader=&#8221;off&#8221; da_has_shadow=&#8221;on&#8221; da_disable_devices=&#8221;off|off|off&#8221;][et_pb_row admin_label=&#8221;row&#8221; _builder_version=&#8221;4.16&#8243; background_size=&#8221;initial&#8221; background_position=&#8221;top_left&#8221; background_repeat=&#8221;repeat&#8221; global_colors_info=&#8221;{}&#8221; theme_builder_area=&#8221;post_content&#8221;][et_pb_column type=&#8221;4_4&#8243; _builder_version=&#8221;4.16&#8243; custom_padding=&#8221;|||&#8221; global_colors_info=&#8221;{}&#8221; custom_padding__hover=&#8221;|||&#8221; theme_builder_area=&#8221;post_content&#8221;][et_pb_text admin_label=&#8221;Text&#8221; _builder_version=&#8221;4.16&#8243; background_size=&#8221;initial&#8221; background_position=&#8221;top_left&#8221; background_repeat=&#8221;repeat&#8221; global_colors_info=&#8221;{}&#8221; theme_builder_area=&#8221;post_content&#8221;]<\/p>\n<p>Antes de que empieces a navegar por la Web nos gustar\u00eda informarte de que utilizamos cookies con diferentes finalidades en la Web &nbsp; <a href=\"http:\/\/www.cecot.org\/\">www.cecot.org<\/a>, de tal forma que puedas decidir si quieres que \u00e9stas se instalen en tu equipo o no.<\/p>\n<p>Haciendo clic en el bot\u00f3n &#8220;De acuerdo&#8221; otorga a <strong>CECOT <\/strong>su consentimiento para que llevemos a cabo todo el procesamiento descrito en la presente pol\u00edtica. De forma alternativa, puede rechazar todas las cookies haciendo clic en el bot\u00f3n &#8220;Rechazar&#8221; o definir las cookies que se utilizar\u00e1n durante su navegaci\u00f3n en el bot\u00f3n &#8220;Configuraci\u00f3n&#8221;. &nbsp;<\/p>\n<p><strong>QU\u00c9 SON LAS COOKIES.<\/strong><\/p>\n<p>Les cookies s\u00f3n petits arxius d\u2019informaci\u00f3 que s\u2019envien i emmagatzemen en l\u2019equip des del qual s\u2019accedeix al Web&nbsp;<a href=\"http:\/\/www.cecot.org\/\">www.cecot.org<\/a> (PC o ordinador personal, tel\u00e8fon m\u00f2bil, tauleta o televisi\u00f3 connectada) facilitant l\u2019\u00fas d\u2019aquesta, per oferir un millor servei.<\/p>\n<p>El Web&nbsp;<a href=\"http:\/\/www.cecot.org\/\">www.cecot.org<\/a> utilitza tant cookies pr\u00f2pies com de tercers que ens ajuden a millorar la qualitat permetent-nos comparar, recordar, controlar i entendre com naveguen els nostres usuaris a trav\u00e9s del Web, identificant que \u00e9s all\u00f2 que troben \u00fatil i el que no i aix\u00ed poder millorar el proc\u00e9s de navegaci\u00f3.<\/p>\n<p>Les cookies que utilitza el Web no causen dany en el teu equip. \u00danicament, serveixen per millorar els serveis oferts. Algunes s\u00f3n estrictament necess\u00e0ries perqu\u00e8 la p\u00e0gina funcioni correctament (t\u00e8cniques i de personalitzaci\u00f3) i unes altres serveixen per millorar el rendiment i experi\u00e8ncia com a usuari (an\u00e0lisi, publicit\u00e0ries i de publicitat comportamental).  <\/p>\n<p>El Web utilitza tant cookies de sessi\u00f3, temporals, com cookies permanents. Les cookies de sessi\u00f3 emmagatzemen dades mentre l\u2019usuari accedeix al Web, caduquen en tancar el navegador; mentre que les cookies permanents emmagatzemen les dades en el terminal perqu\u00e8 siguin accedides i utilitzades en m\u00e9s d\u2019una sessi\u00f3, solen caducar quan transcorre un per\u00edode de temps que pot oscil\u00b7lar entre els dos mesos i els dos anys. <\/p>\n<p><strong>DESACTIVACI\u00d3 DE COOKIES.&nbsp;<\/strong><\/p>\n<p>Tens l\u2019opci\u00f3 de permetre, bloquejar o eliminar les cookies instal\u00b7lades en el teu equip mitjan\u00e7ant la configuraci\u00f3 de les opcions del navegador instal\u00b7lat en el seu equip. En desactivar cookies, alguns dels serveis disponibles podrien deixar d\u2019estar operatius. La forma de deshabilitar les cookies \u00e9s diferent per a cada navegador, per\u00f2 normalment pot fer-se des del men\u00fa Eines o Opcions. Tamb\u00e9 pot consultar-se el men\u00fa d\u2019Ajuda del navegador on pots trobar instruccions. L\u2019usuari podr\u00e0 -a qualsevol moment- triar quines cookies vol que funcionin en aquest lloc web mitjan\u00e7ant la configuraci\u00f3 del navegador; per exemple:    <\/p>\n<p>\u2013&nbsp;<a href=\"http:\/\/windows.microsoft.com\/es-es\/windows-vista\/Block-or-allow-cookies\" target=\"_blank\" rel=\"noreferrer noopener\">Microsoft Internet Explorer<\/a><\/p>\n<p>\u2013&nbsp;<a href=\"http:\/\/support.mozilla.org\/es\/kb\/impedir-que-los-sitios-web-guarden-sus-preferencia\" target=\"_blank\" rel=\"noreferrer noopener\">Mozilla Firefox<\/a><\/p>\n<p>\u2013&nbsp;<a href=\"https:\/\/support.google.com\/accounts\/answer\/61416?hl=es\" target=\"_blank\" rel=\"noreferrer noopener\">Chrome<\/a><\/p>\n<p>\u2013&nbsp;<a href=\"http:\/\/safari.helpmax.net\/es\/privacidad-y-seguridad\/como-gestionar-las-cookies\/\" target=\"_blank\" rel=\"noreferrer noopener\">Safari<\/a><\/p>\n<p>\u2013&nbsp;<a href=\"https:\/\/blogs.opera.com\/news\/2015\/08\/how-to-manage-cookies-in-opera\/\" target=\"_blank\" rel=\"noreferrer noopener\">Opera<\/a><\/p>\n<p><strong>TIPUS DE COOKIES.<\/strong><\/p>\n<p>Segons la finalitat per la qual es tractin les dades obtingudes a trav\u00e9s de les cookies, el Web pot utilitzar:<\/p>\n<ul class=\"wp-block-list\">\n<li><strong>Cookies t\u00e8cniques<\/strong>: s\u00f3n aquelles que permeten a l\u2019usuari la navegaci\u00f3 a trav\u00e9s d\u2019una p\u00e0gina web, plataforma o aplicaci\u00f3 i la utilitzaci\u00f3 de les diferents opcions o serveis que en ella existeixin com, per exemple, controlar el tr\u00e0fic i la comunicaci\u00f3 de dades, identificar la sessi\u00f3, accedir a parts d\u2019acc\u00e9s restringit.<\/li>\n<li><strong>Cookies de personalitzaci\u00f3<\/strong>: s\u00f3n aquelles que permeten a l\u2019usuari accedir al servei amb algunes caracter\u00edstiques de car\u00e0cter general predefinides en funci\u00f3 d\u2019una s\u00e8rie de criteris en el terminal de l\u2019usuari com per exemple serien l\u2019idioma, el tipus de navegador.<\/li>\n<li><strong>Cookies d\u2019an\u00e0lisi<\/strong>: s\u00f3n aquelles que permeten el seguiment i an\u00e0lisi del comportament dels usuaris dels llocs web als quals estan vinculades. La informaci\u00f3 recollida mitjan\u00e7ant aquest tipus de cookies s\u2019utilitza en el mesurament de l\u2019activitat dels llocs web, aplicaci\u00f3 o plataforma i per a l\u2019elaboraci\u00f3 de perfils de navegaci\u00f3 dels usuaris. <\/li>\n<li><strong>Cookies publicit\u00e0ries<\/strong>: s\u00f3n aquelles que permeten la gesti\u00f3, de la forma m\u00e9s efica\u00e7 possible, dels espais publicitaris.<\/li>\n<li><strong>Cookies de publicitat comportamental<\/strong>: aquestes cookies emmagatzemen informaci\u00f3 del comportament dels usuaris obtinguda a trav\u00e9s de l\u2019observaci\u00f3 continuada dels seus h\u00e0bits de navegaci\u00f3, la qual cosa permet desenvolupar un perfil espec\u00edfic per mostrar publicitat en funci\u00f3 del mateix. L\u2019usuari pot donar-se de baixa en la utilitzaci\u00f3 de les seves dades per a publicitat visitant <a href=\"http:\/\/www.youronlinechoices.com\/es\">IAB Spain<\/a>. Seguir\u00e0 rebent una altra publicitat, per\u00f2 aquesta no estar\u00e0 basada en els seus interessos espec\u00edfics.  <\/li>\n<li><strong>Cookies de xarxes socials externes<\/strong>: que s\u2019utilitzen perqu\u00e8 els visitants puguin interactuar amb el contingut de diferents plataformes socials (facebook, youtube, twitter, linkedIn, etc..) i que es generin \u00fanicament per als usuaris d\u2019aquestes xarxes socials. Les condicions d\u2019utilitzaci\u00f3 d\u2019aquestes cookies i la informaci\u00f3 recopilada es regulen per la pol\u00edtica de privadesa de la plataforma social corresponent. <\/li>\n<\/ul>\n<p>Actualment al WEB s\u2019utilitzen els seg\u00fcents tipus de cookies:<\/p>\n<figure class=\"wp-block-table\">\n<table class=\"has-fixed-layout\">\n<tbody>\n<tr>\n<td colspan=\"3\"><strong>COOKIES PR\u00d2PIES<\/strong><\/td>\n<\/tr>\n<tr>\n<td><strong>Cookies<\/strong><\/td>\n<td><strong>Finalitat<\/strong><\/td>\n<td><strong>Opt-out<\/strong><\/td>\n<\/tr>\n<tr>\n<td>Cookies T\u00e8cniques<\/td>\n<td>Gestionen la correcta navegaci\u00f3 a trav\u00e9s del Web i els seus continguts, permetent identificar les sessions d&#8217;usuari i protegir el seu \u00fas.<\/td>\n<td>N\/A<\/td>\n<\/tr>\n<tr>\n<td>Cookies de Personalitzaci\u00f3<\/td>\n<td>Permeten millorar l&#8217;experi\u00e8ncia de l&#8217;usuari emmagatzemant variables personalitzades com l&#8217;idioma o les prefer\u00e8ncies en la navegaci\u00f3.<\/td>\n<td>N\/A<\/td>\n<\/tr>\n<\/tbody>\n<\/table>\n<\/figure>\n<figure class=\"wp-block-table\">\n<table class=\"has-fixed-layout\">\n<tbody>\n<tr>\n<td colspan=\"4\"><strong>COOKIES DE TERCERS<\/strong><strong>(La informaci\u00f3 recollida a continuaci\u00f3 ha estat facilitada per aquests tercers)<\/strong><\/td>\n<\/tr>\n<tr>\n<td colspan=\"2\"><strong>Cookies<\/strong><\/td>\n<td><strong>Opt-out&nbsp;<\/strong><\/td>\n<td><strong>Finalitat<\/strong><\/td>\n<\/tr>\n<tr>\n<td><strong>Cookies de An\u00e1lisis<\/strong><\/td>\n<td>Google Analytics_ga_gid_gat<\/td>\n<td>https:\/\/tools.google.com\/dlpage\/gaoptout&nbsp;<\/td>\n<td>El Web utilitza Google Analytics, un servei anal\u00edtic de Web prestat per Google, Inc., una companyia de Delaware l&#8217;oficina principal de la qual est\u00e0 en 1600 Amphitheatre Parkway, Mountain View (Calif\u00f2rnia), CA 94043, Estats Units (&#8220;Google&#8221;). La informaci\u00f3 que genera la cookie sobre el seu \u00fas del &nbsp;Web (incloent la seva adre\u00e7a IP) ser\u00e0 directament transmesa i arxivada per Google en els servidors d&#8217;Estats Units. Google utilitzar\u00e0 aquesta informaci\u00f3 per compte de <strong>Cecot<\/strong> amb el prop\u00f2sit de seguir la pista del seu \u00fas del Web, recopilant informes d&#8217;activitat i prestant altres serveis relacionats amb l&#8217;activitat i l&#8217;\u00fas d&#8217;Internet. Google no associar\u00e0 la seva adre\u00e7a IP amb cap altra dada de que disposi Google.   <\/td>\n<\/tr>\n<tr>\n<td rowspan=\"2\"><strong>Cookies Publicitarias<\/strong><\/td>\n<td>Google AdWords \/ Doubleclick<\/td>\n<td>http:\/\/www.google.com\/settings\/ads<\/td>\n<td>Tamb\u00e9 un servei de Google. En aquest cas ens permet entendre millor el rendiment de les accions publicit\u00e0ries de <strong>Cecot<\/strong> a trav\u00e9s d&#8217;aquesta plataforma analitzant el comportament dels usuaris que accedeixen a la web a trav\u00e9s d&#8217;aquestes campanyes. <\/td>\n<\/tr>\n<tr>\n<td>AddThis<\/td>\n<td>http:\/\/www.addthis.com\/privacy<\/td>\n<td>Presta un servei d&#8217;identificaci\u00f3 d&#8217;informaci\u00f3 compartida per l&#8217;usuari analitzant el comportament del mateix.<\/td>\n<\/tr>\n<tr>\n<td rowspan=\"6\"><strong>Cookies de Redes Sociales Externas<\/strong><\/td>\n<td>YouTube<\/td>\n<td>https:\/\/www.google.com\/intl\/es\/policies\/technologies\/types\/<\/td>\n<td>YouTube proporciona botons i altres funcionalitats perqu\u00e8 puguis compartir enlla\u00e7os al nostre web. La informaci\u00f3 enviada fora de la UE a YouTube, s\u00f3n utilitzades per YouTube conforme les seves pol\u00edtiques de privadesa. <\/td>\n<\/tr>\n<tr>\n<td>&nbsp;&nbsp;&nbsp;&nbsp;Instagram<\/td>\n<td>https:\/\/www.facebook.com\/help\/instagram\/155833707900388<\/td>\n<td>Instagram proporciona botons i altres funcionalitats perqu\u00e8 puguis compartir enlla\u00e7os al nostre web en el teu perfil. La informaci\u00f3 enviada fora de la UE a Instagram, relativa a les p\u00e0gines que has visitat o sobre les coses que t&#8217;interessen, s\u00f3n utilitzades per Instagram conforme les seves pol\u00edtiques de privadesa. <\/td>\n<\/tr>\n<tr>\n<td>Facebook<\/td>\n<td>https:\/\/www.facebook.com\/policies\/cookies\/<\/td>\n<td>Facebook proporciona botons i altres funcionalitats perqu\u00e8 puguis compartir enlla\u00e7os al nostre web en el teu perfil. La informaci\u00f3 enviada fora de la UE a Facebook, relativa a les p\u00e0gines que has visitat o sobre les coses que t&#8217;interessen, s\u00f3n utilitzades per Facebook conforme les seves pol\u00edtiques de privadesa. <\/td>\n<\/tr>\n<tr>\n<td>Twitter<\/td>\n<td>https:\/\/twitter.com\/privacy?lang=es<\/td>\n<td>Twitter proporciona botons i altres funcionalitats perqu\u00e8 puguis compartir enlla\u00e7os al nostre web. La informaci\u00f3 enviada fora de la UE a Twitter, s\u00f3n utilitzades per Twitter conforme les seves pol\u00edtiques de privadesa. <\/td>\n<\/tr>\n<tr>\n<td>&nbsp;&nbsp;LinkedIn<\/td>\n<td>https:\/\/www.linkedin.com\/legal\/cookie-policy?trk=hb_ft_cookie<\/td>\n<td>Linkedin proporciona botons i altres funcionalitats perqu\u00e8 puguis compartir enlla\u00e7os al nostre web en el teu perfil. La informaci\u00f3 enviada fora de la UE a Linkedin, relativa a les p\u00e0gines que has visitat o sobre les coses que t&#8217;interessen, s\u00f3n utilitzades per Linkedin conforme les seves pol\u00edtiques de privadesa. <\/td>\n<\/tr>\n<tr>\n<td>Flickr<\/td>\n<td>https:\/\/policies.yahoo.com\/privacy\/flickr<\/td>\n<td>Flickr proporciona botons i altres funcionalitats perqu\u00e8 puguis compartir enlla\u00e7os al nostre web. La informaci\u00f3 enviada fora de la UE a Flickr, s\u00f3n utilitzades per Flickr conforme les seves pol\u00edtiques de privadesa. &nbsp;&nbsp;&nbsp;&nbsp;&nbsp;&nbsp;&nbsp;&nbsp;&nbsp;&nbsp;&nbsp;&nbsp;&nbsp;&nbsp;&nbsp;&nbsp;&nbsp;&nbsp;&nbsp;&nbsp;&nbsp;&nbsp;&nbsp;&nbsp;&nbsp;&nbsp;&nbsp;&nbsp;&nbsp;&nbsp;&nbsp;&nbsp;&nbsp;&nbsp;&nbsp;&nbsp;&nbsp;&nbsp;&nbsp;&nbsp;&nbsp;&nbsp;&nbsp;&nbsp;&nbsp;&nbsp;&nbsp;&nbsp;&nbsp;&nbsp;&nbsp;&nbsp;&nbsp;&nbsp;&nbsp;&nbsp;&nbsp;&nbsp;&nbsp;&nbsp;&nbsp;&nbsp;&nbsp;&nbsp;&nbsp;&nbsp;&nbsp;&nbsp;&nbsp;&nbsp;&nbsp;&nbsp;&nbsp;&nbsp;&nbsp;&nbsp;&nbsp;&nbsp;<\/td>\n<\/tr>\n<\/tbody>\n<\/table>\n<\/figure>\n<p>Els sistemes d\u2019opt-out&nbsp;espec\u00edfics indicats en la taula anterior respecte de la&nbsp;cookie&nbsp;que es tracti (aquests sistemes poden comportar que s\u2019instal\u00b7li en el seu equip una&nbsp;cookie&nbsp;\u201cde rebot\u201d perqu\u00e8 funcioni la seva elecci\u00f3 de desactivaci\u00f3); o altres eines de tercers, disponibles on-line, que permeten als usuaris detectar les&nbsp;cookies a cada lloc web que visita i gestionar la seva desactivaci\u00f3.<\/p>\n<p>La&nbsp;Cecot&nbsp;no es fa responsable del contingut i veracitat de les pol\u00edtiques de privadesa dels tercers incloses en aquesta pol\u00edtica de&nbsp;cookies.<\/p>\n<p>Qualsevol dubte o q\u00fcesti\u00f3 que tingui sobre aquesta pol\u00edtica de&nbsp;cookies, pot contactar amb&nbsp;Cecot&nbsp;mitjan\u00e7ant l\u2019adre\u00e7a electr\u00f2nica&nbsp;<a href=\"mailto:rgpd@cecot.org\">rgpd@cecot.org<\/a>.<\/p>\n<p>[\/et_pb_text][\/et_pb_column][\/et_pb_row][\/et_pb_section]<\/p>\n","protected":false},"excerpt":{"rendered":"<p>Antes de que empieces a navegar por la Web nos gustar\u00eda informarte de que utilizamos cookies con diferentes finalidades en la Web &nbsp; www.cecot.org, de tal forma que puedas decidir si quieres que \u00e9stas se instalen en tu equipo o no. Haciendo clic en el bot\u00f3n &#8220;De acuerdo&#8221; otorga a CECOT su consentimiento para que [&hellip;]<\/p>\n","protected":false},"author":1,"featured_media":0,"parent":0,"menu_order":0,"comment_status":"closed","ping_status":"closed","template":"","meta":{"_seopress_robots_primary_cat":"","_seopress_titles_title":"","_seopress_titles_desc":"Consulta la pol\u00edtica de cookies de Cecot per con\u00e8ixer l\u2019\u00fas i configuraci\u00f3 de galetes per millorar la teva experi\u00e8ncia.","_seopress_robots_index":"","_et_pb_use_builder":"on","_et_pb_old_content":"","_et_gb_content_width":"","footnotes":""},"categoria":[],"class_list":["post-368213","page","type-page","status-publish","hentry"],"_links":{"self":[{"href":"https:\/\/cecot.org\/es\/wp-json\/wp\/v2\/pages\/368213","targetHints":{"allow":["GET"]}}],"collection":[{"href":"https:\/\/cecot.org\/es\/wp-json\/wp\/v2\/pages"}],"about":[{"href":"https:\/\/cecot.org\/es\/wp-json\/wp\/v2\/types\/page"}],"author":[{"embeddable":true,"href":"https:\/\/cecot.org\/es\/wp-json\/wp\/v2\/users\/1"}],"replies":[{"embeddable":true,"href":"https:\/\/cecot.org\/es\/wp-json\/wp\/v2\/comments?post=368213"}],"version-history":[{"count":4,"href":"https:\/\/cecot.org\/es\/wp-json\/wp\/v2\/pages\/368213\/revisions"}],"predecessor-version":[{"id":368217,"href":"https:\/\/cecot.org\/es\/wp-json\/wp\/v2\/pages\/368213\/revisions\/368217"}],"wp:attachment":[{"href":"https:\/\/cecot.org\/es\/wp-json\/wp\/v2\/media?parent=368213"}],"wp:term":[{"taxonomy":"categoria","embeddable":true,"href":"https:\/\/cecot.org\/es\/wp-json\/wp\/v2\/categoria?post=368213"}],"curies":[{"name":"wp","href":"https:\/\/api.w.org\/{rel}","templated":true}]}}