{"id":367961,"date":"2025-06-10T09:35:08","date_gmt":"2025-06-10T07:35:08","guid":{"rendered":"https:\/\/cecot.org\/responsabilidad\/"},"modified":"2025-09-15T09:20:16","modified_gmt":"2025-09-15T07:20:16","slug":"responsabilidad","status":"publish","type":"page","link":"https:\/\/cecot.org\/es\/responsabilidad\/","title":{"rendered":"Responsabilidad"},"content":{"rendered":"<p>[et_pb_section fb_built=&#8221;1&#8243; custom_padding_last_edited=&#8221;on|tablet&#8221; admin_label=&#8221;Section&#8221; _builder_version=&#8221;4.27.0&#8243; _module_preset=&#8221;default&#8221; use_background_color_gradient=&#8221;on&#8221; background_color_gradient_direction=&#8221;90deg&#8221; background_color_gradient_stops=&#8221;rgba(61,61,61,0.71) 0%|rgba(0,185,233,0.55) 97%&#8221; background_color_gradient_overlays_image=&#8221;on&#8221; background_image=&#8221;https:\/\/cecot.org\/wp-content\/uploads\/2024\/09\/banner-superior-representacio-cecot.png&#8221; custom_margin=&#8221;||||false|false&#8221; custom_margin_tablet=&#8221;||||false|false&#8221; custom_margin_phone=&#8221;||||false|false&#8221; custom_margin_last_edited=&#8221;on|tablet&#8221; custom_padding=&#8221;88px||88px||true|false&#8221; custom_padding_tablet=&#8221;||||false|false&#8221; custom_padding_phone=&#8221;||||false|false&#8221; da_disable_devices=&#8221;off|off|off&#8221; locked=&#8221;off&#8221; global_colors_info=&#8221;{}&#8221; da_is_popup=&#8221;off&#8221; da_exit_intent=&#8221;off&#8221; da_has_close=&#8221;on&#8221; da_alt_close=&#8221;off&#8221; da_dark_close=&#8221;off&#8221; da_not_modal=&#8221;on&#8221; da_is_singular=&#8221;off&#8221; da_with_loader=&#8221;off&#8221; da_has_shadow=&#8221;on&#8221;][et_pb_row _builder_version=&#8221;4.22.1&#8243; _module_preset=&#8221;default&#8221; custom_margin=&#8221;||||true|false&#8221; custom_margin_tablet=&#8221;0px||0px||false|false&#8221; custom_margin_phone=&#8221;||||false|false&#8221; custom_margin_last_edited=&#8221;on|tablet&#8221; custom_padding=&#8221;0px||0px||true|false&#8221; global_colors_info=&#8221;{}&#8221;][et_pb_column type=&#8221;4_4&#8243; _builder_version=&#8221;4.22.1&#8243; _module_preset=&#8221;default&#8221; global_colors_info=&#8221;{}&#8221;][et_pb_heading title=&#8221;Responsabilidad&#8221; _builder_version=&#8221;4.27.4&#8243; _module_preset=&#8221;default&#8221; title_text_color=&#8221;#FFFFFF&#8221; title_font_size=&#8221;48px&#8221; title_line_height=&#8221;1.4em&#8221; title_font_size_tablet=&#8221;48px&#8221; title_font_size_phone=&#8221;42px&#8221; title_font_size_last_edited=&#8221;on|tablet&#8221; global_colors_info=&#8221;{}&#8221;][\/et_pb_heading][\/et_pb_column][\/et_pb_row][\/et_pb_section][et_pb_section fb_built=&#8221;1&#8243; _builder_version=&#8221;4.27.4&#8243; _module_preset=&#8221;default&#8221; da_disable_devices=&#8221;off|off|off&#8221; global_colors_info=&#8221;{}&#8221; da_is_popup=&#8221;off&#8221; da_exit_intent=&#8221;off&#8221; da_has_close=&#8221;on&#8221; da_alt_close=&#8221;off&#8221; da_dark_close=&#8221;off&#8221; da_not_modal=&#8221;on&#8221; da_is_singular=&#8221;off&#8221; da_with_loader=&#8221;off&#8221; da_has_shadow=&#8221;on&#8221;][et_pb_row _builder_version=&#8221;4.27.4&#8243; _module_preset=&#8221;default&#8221; custom_padding=&#8221;0px||0px|||&#8221; global_colors_info=&#8221;{}&#8221;][et_pb_column type=&#8221;4_4&#8243; _builder_version=&#8221;4.27.4&#8243; _module_preset=&#8221;default&#8221; global_colors_info=&#8221;{}&#8221;][et_pb_text _builder_version=&#8221;4.27.4&#8243; _module_preset=&#8221;default&#8221; text_font_size=&#8221;20px&#8221; text_line_height=&#8221;1.4em&#8221; max_width=&#8221;990px&#8221; module_alignment=&#8221;center&#8221; global_colors_info=&#8221;{}&#8221;]<\/p>\n<h2 style=\"text-align: center;\">Tus valores, nuestro compromiso.<\/h2>\n<p style=\"text-align: center;\">En Cecot tambi\u00e9n escogemos ser responsables. Reconocemos el compromiso de las empresas con su entorno y pretendemos encabezarlo con causas compartidas que buscan el progreso social, econ\u00f3mico y ambiental del pa\u00eds. <\/p>\n<p>[\/et_pb_text][\/et_pb_column][\/et_pb_row][et_pb_row column_structure=&#8221;1_3,1_3,1_3&#8243; disabled_on=&#8221;off|off|off&#8221; _builder_version=&#8221;4.27.4&#8243; _module_preset=&#8221;default&#8221; custom_padding=&#8221;||0px|||&#8221; global_colors_info=&#8221;{}&#8221;][et_pb_column type=&#8221;1_3&#8243; _builder_version=&#8221;4.27.4&#8243; _module_preset=&#8221;default&#8221; custom_padding=&#8221;||||true|true&#8221; border_radii=&#8221;on|15px|15px|15px|15px&#8221; border_width_all=&#8221;1px&#8221; border_color_all=&#8221;RGBA(255,255,255,0)&#8221; border_width_all_last_edited=&#8221;off|desktop&#8221; box_shadow_style=&#8221;preset1&#8243; box_shadow_color=&#8221;rgba(0,0,0,0.15)&#8221; box_shadow_color_last_edited=&#8221;off|desktop&#8221; global_colors_info=&#8221;{%22gcid-19cc8b50-e2cd-4261-9821-2334e68c8c13%22:%91%22border_color_all__hover%22%93}&#8221; border_width_all__hover_enabled=&#8221;off|desktop&#8221; border_width_all__hover=&#8221;1px&#8221; border_color_all__hover_enabled=&#8221;on|desktop&#8221; border_color_all__hover=&#8221;#e7e7e7&#8243; box_shadow_color__hover_enabled=&#8221;on|desktop&#8221; box_shadow_color__hover=&#8221;rgba(61,61,61,0.35)&#8221;][et_pb_image src=&#8221;https:\/\/cecot.org\/wp-content\/uploads\/2025\/04\/llegua-cat-v2.webp&#8221; alt=&#8221;llegua cat v2&#8243; title_text=&#8221;llegua cat v2&#8243; force_fullwidth=&#8221;on&#8221; _builder_version=&#8221;4.27.4&#8243; _module_preset=&#8221;default&#8221; global_colors_info=&#8221;{}&#8221;][\/et_pb_image][et_pb_heading title=&#8221;Lengua catalana&#8221; _builder_version=&#8221;4.27.4&#8243; _module_preset=&#8221;default&#8221; title_level=&#8221;h3&#8243; custom_margin=&#8221;|20px|3px|20px|false|true&#8221; global_colors_info=&#8221;{}&#8221;][\/et_pb_heading][et_pb_text _builder_version=&#8221;4.27.4&#8243; _module_preset=&#8221;default&#8221; header_3_font_size=&#8221;20px&#8221; header_3_line_height=&#8221;1.3em&#8221; custom_margin=&#8221;||15px||false|false&#8221; custom_padding=&#8221;|20px||20px|false|true&#8221; global_colors_info=&#8221;{}&#8221;]<\/p>\n<p>El catal\u00e1n, lengua de empresa.<\/p>\n<p>[\/et_pb_text][et_pb_button button_url=&#8221;@ET-DC@eyJkeW5hbWljIjp0cnVlLCJjb250ZW50IjoicG9zdF9saW5rX3VybF9wYWdlIiwic2V0dGluZ3MiOnsicG9zdF9pZCI6IjM2MTQ1MCJ9fQ==@&#8221; button_text=&#8221;m\u00e1s informaci\u00f3n&#8221; _builder_version=&#8221;4.27.4&#8243; _dynamic_attributes=&#8221;button_url&#8221; _module_preset=&#8221;default&#8221; custom_button=&#8221;on&#8221; button_font=&#8221;|||on|||||&#8221; custom_margin=&#8221;|20px|20px|20px|false|true&#8221; custom_padding=&#8221;5px|20px|5px|20px|true|true&#8221; global_colors_info=&#8221;{}&#8221;][\/et_pb_button][\/et_pb_column][et_pb_column type=&#8221;1_3&#8243; _builder_version=&#8221;4.27.4&#8243; _module_preset=&#8221;default&#8221; custom_padding=&#8221;||||true|true&#8221; border_radii=&#8221;on|15px|15px|15px|15px&#8221; border_width_all=&#8221;1px&#8221; border_color_all=&#8221;RGBA(255,255,255,0)&#8221; border_width_all_last_edited=&#8221;off|desktop&#8221; box_shadow_style=&#8221;preset1&#8243; box_shadow_color=&#8221;rgba(0,0,0,0.15)&#8221; box_shadow_color_last_edited=&#8221;off|desktop&#8221; global_colors_info=&#8221;{%22gcid-19cc8b50-e2cd-4261-9821-2334e68c8c13%22:%91%22border_color_all__hover%22%93}&#8221; border_width_all__hover_enabled=&#8221;off|desktop&#8221; border_width_all__hover=&#8221;1px&#8221; border_color_all__hover_enabled=&#8221;on|desktop&#8221; border_color_all__hover=&#8221;#e7e7e7&#8243; box_shadow_color__hover_enabled=&#8221;on|desktop&#8221; box_shadow_color__hover=&#8221;rgba(61,61,61,0.35)&#8221;][et_pb_image src=&#8221;https:\/\/cecot.org\/wp-content\/uploads\/2025\/04\/igualtat-responsabilitat-cecot-png.webp&#8221; alt=&#8221;igualtat responsabilitat cecot&#8221; title_text=&#8221;igualtat responsabilitat cecot&#8221; force_fullwidth=&#8221;on&#8221; _builder_version=&#8221;4.27.4&#8243; _module_preset=&#8221;default&#8221; global_colors_info=&#8221;{}&#8221;][\/et_pb_image][et_pb_heading title=&#8221;Igualdad&#8221; _builder_version=&#8221;4.27.4&#8243; _module_preset=&#8221;default&#8221; title_level=&#8221;h3&#8243; custom_margin=&#8221;|20px|3px|20px|false|true&#8221; global_colors_info=&#8221;{}&#8221;][\/et_pb_heading][et_pb_text _builder_version=&#8221;4.27.4&#8243; _module_preset=&#8221;default&#8221; header_3_font_size=&#8221;20px&#8221; header_3_line_height=&#8221;1.3em&#8221; custom_margin=&#8221;||15px||false|false&#8221; custom_padding=&#8221;|20px||20px|false|true&#8221; global_colors_info=&#8221;{}&#8221;]<\/p>\n<p>La igualdad, progreso empresarial.<\/p>\n<p>[\/et_pb_text][et_pb_button button_url=&#8221;@ET-DC@eyJkeW5hbWljIjp0cnVlLCJjb250ZW50IjoicG9zdF9saW5rX3VybF9wYWdlIiwic2V0dGluZ3MiOnsicG9zdF9pZCI6IjM2MzAxMCJ9fQ==@&#8221; button_text=&#8221;m\u00e1s informaci\u00f3n&#8221; _builder_version=&#8221;4.27.4&#8243; _dynamic_attributes=&#8221;button_url&#8221; _module_preset=&#8221;default&#8221; custom_button=&#8221;on&#8221; button_font=&#8221;|||on|||||&#8221; custom_margin=&#8221;|20px|20px|20px|false|true&#8221; custom_padding=&#8221;5px|20px|5px|20px|true|true&#8221; global_colors_info=&#8221;{}&#8221;][\/et_pb_button][\/et_pb_column][et_pb_column type=&#8221;1_3&#8243; _builder_version=&#8221;4.27.4&#8243; _module_preset=&#8221;default&#8221; custom_padding=&#8221;||||true|true&#8221; border_radii=&#8221;on|15px|15px|15px|15px&#8221; border_width_all=&#8221;1px&#8221; border_color_all=&#8221;RGBA(255,255,255,0)&#8221; border_width_all_last_edited=&#8221;off|desktop&#8221; box_shadow_style=&#8221;preset1&#8243; box_shadow_color=&#8221;rgba(0,0,0,0.15)&#8221; box_shadow_color_last_edited=&#8221;off|desktop&#8221; global_colors_info=&#8221;{%22gcid-19cc8b50-e2cd-4261-9821-2334e68c8c13%22:%91%22border_color_all__hover%22%93}&#8221; border_width_all__hover_enabled=&#8221;off|desktop&#8221; border_width_all__hover=&#8221;1px&#8221; border_color_all__hover_enabled=&#8221;on|desktop&#8221; border_color_all__hover=&#8221;#e7e7e7&#8243; box_shadow_color__hover_enabled=&#8221;on|desktop&#8221; box_shadow_color__hover=&#8221;rgba(61,61,61,0.35)&#8221;][et_pb_image src=&#8221;https:\/\/cecot.org\/wp-content\/uploads\/2025\/06\/empreses-proposit.webp&#8221; alt=&#8221;empreses proposit&#8221; title_text=&#8221;empreses proposit&#8221; force_fullwidth=&#8221;on&#8221; _builder_version=&#8221;4.27.4&#8243; _module_preset=&#8221;default&#8221; global_colors_info=&#8221;{}&#8221;][\/et_pb_image][et_pb_heading title=&#8221;Empresas con prop\u00f3sito&#8221; _builder_version=&#8221;4.27.4&#8243; _module_preset=&#8221;default&#8221; title_level=&#8221;h3&#8243; custom_margin=&#8221;|20px|3px|20px|false|true&#8221; global_colors_info=&#8221;{}&#8221;][\/et_pb_heading][et_pb_text _builder_version=&#8221;4.27.4&#8243; _module_preset=&#8221;default&#8221; header_3_font_size=&#8221;20px&#8221; header_3_line_height=&#8221;1.3em&#8221; custom_margin=&#8221;||15px||false|false&#8221; custom_padding=&#8221;|20px||20px|false|true&#8221; global_colors_info=&#8221;{}&#8221;]<\/p>\n<p>La creaci\u00f3n de valor compartido, prop\u00f3sito de la empresa.<\/p>\n<p>[\/et_pb_text][et_pb_button button_url=&#8221;@ET-DC@eyJkeW5hbWljIjp0cnVlLCJjb250ZW50IjoicG9zdF9saW5rX3VybF9wYWdlIiwic2V0dGluZ3MiOnsicG9zdF9pZCI6IjM2ODk4MSJ9fQ==@&#8221; button_text=&#8221;m\u00e1s informaci\u00f3n&#8221; _builder_version=&#8221;4.27.4&#8243; _dynamic_attributes=&#8221;button_url&#8221; _module_preset=&#8221;default&#8221; custom_button=&#8221;on&#8221; button_font=&#8221;|||on|||||&#8221; custom_margin=&#8221;|20px|20px|20px|false|true&#8221; custom_padding=&#8221;5px|20px|5px|20px|true|true&#8221; global_colors_info=&#8221;{}&#8221;][\/et_pb_button][\/et_pb_column][\/et_pb_row][et_pb_row column_structure=&#8221;1_3,1_3,1_3&#8243; disabled_on=&#8221;off|off|off&#8221; _builder_version=&#8221;4.27.4&#8243; _module_preset=&#8221;default&#8221; custom_padding=&#8221;||0px|||&#8221; hover_enabled=&#8221;0&#8243; global_colors_info=&#8221;{}&#8221; sticky_enabled=&#8221;0&#8243;][et_pb_column type=&#8221;1_3&#8243; _builder_version=&#8221;4.27.4&#8243; _module_preset=&#8221;default&#8221; custom_padding=&#8221;||||true|true&#8221; hover_enabled=&#8221;0&#8243; border_radii=&#8221;on|15px|15px|15px|15px&#8221; border_width_all=&#8221;1px&#8221; border_color_all=&#8221;RGBA(255,255,255,0)&#8221; border_width_all_last_edited=&#8221;off|desktop&#8221; box_shadow_style=&#8221;preset1&#8243; box_shadow_color=&#8221;rgba(0,0,0,0.15)&#8221; box_shadow_color_last_edited=&#8221;off|desktop&#8221; global_colors_info=&#8221;{%22gcid-19cc8b50-e2cd-4261-9821-2334e68c8c13%22:%91%22border_color_all__hover%22%93}&#8221; border_width_all__hover_enabled=&#8221;off|desktop&#8221; border_width_all__hover=&#8221;1px&#8221; border_color_all__hover_enabled=&#8221;on|desktop&#8221; border_color_all__hover=&#8221;#e7e7e7&#8243; box_shadow_color__hover_enabled=&#8221;on|desktop&#8221; box_shadow_color__hover=&#8221;rgba(61,61,61,0.35)&#8221; sticky_enabled=&#8221;0&#8243;][et_pb_image src=&#8221;https:\/\/cecot.org\/wp-content\/uploads\/2025\/09\/sostenibilitat-ambiental.webp&#8221; alt=&#8221;sostenibilitat ambiental&#8221; title_text=&#8221;sostenibilitat ambiental&#8221; force_fullwidth=&#8221;on&#8221; _builder_version=&#8221;4.27.4&#8243; _module_preset=&#8221;default&#8221; hover_enabled=&#8221;0&#8243; global_colors_info=&#8221;{}&#8221; sticky_enabled=&#8221;0&#8243;][\/et_pb_image][et_pb_heading title=&#8221;Sostenibilidad ambiental y transici\u00f3n energ\u00e9tica&#8221; _builder_version=&#8221;4.27.4&#8243; _module_preset=&#8221;default&#8221; title_level=&#8221;h3&#8243; custom_margin=&#8221;|20px|3px|20px|false|true&#8221; hover_enabled=&#8221;0&#8243; global_colors_info=&#8221;{}&#8221; sticky_enabled=&#8221;0&#8243;][\/et_pb_heading][et_pb_text _builder_version=&#8221;4.27.4&#8243; _module_preset=&#8221;default&#8221; header_3_font_size=&#8221;20px&#8221; header_3_line_height=&#8221;1.3em&#8221; custom_margin=&#8221;||15px||false|false&#8221; custom_padding=&#8221;|20px||20px|false|true&#8221; hover_enabled=&#8221;0&#8243; global_colors_info=&#8221;{}&#8221; sticky_enabled=&#8221;0&#8243;]<\/p>\n<p>Transici\u00f3n energ\u00e9tica para competir y avanzar.<\/p>\n<p>[\/et_pb_text][et_pb_button button_url=&#8221;@ET-DC@eyJkeW5hbWljIjp0cnVlLCJjb250ZW50IjoicG9zdF9saW5rX3VybF9wYWdlIiwic2V0dGluZ3MiOnsicG9zdF9pZCI6IjM3MTgwNyJ9fQ==@&#8221; button_text=&#8221;m\u00e1s informaci\u00f3n&#8221; _builder_version=&#8221;4.27.4&#8243; _module_preset=&#8221;default&#8221; custom_button=&#8221;on&#8221; button_font=&#8221;|||on|||||&#8221; custom_margin=&#8221;|20px|20px|20px|false|true&#8221; custom_padding=&#8221;5px|20px|5px|20px|true|true&#8221; hover_enabled=&#8221;0&#8243; global_colors_info=&#8221;{}&#8221; _dynamic_attributes=&#8221;button_url&#8221; sticky_enabled=&#8221;0&#8243;][\/et_pb_button][\/et_pb_column][et_pb_column type=&#8221;1_3&#8243; _builder_version=&#8221;4.27.4&#8243; _module_preset=&#8221;default&#8221; custom_padding=&#8221;||||true|true&#8221; border_radii=&#8221;on|15px|15px|15px|15px&#8221; border_width_all=&#8221;1px&#8221; border_color_all=&#8221;RGBA(255,255,255,0)&#8221; border_width_all_last_edited=&#8221;off|desktop&#8221; box_shadow_style=&#8221;preset1&#8243; box_shadow_color=&#8221;rgba(0,0,0,0.15)&#8221; box_shadow_color_last_edited=&#8221;off|desktop&#8221; global_colors_info=&#8221;{%22gcid-19cc8b50-e2cd-4261-9821-2334e68c8c13%22:%91%22border_color_all__hover%22%93}&#8221; border_width_all__hover_enabled=&#8221;off|desktop&#8221; border_width_all__hover=&#8221;1px&#8221; border_color_all__hover_enabled=&#8221;on|desktop&#8221; border_color_all__hover=&#8221;#e7e7e7&#8243; box_shadow_color__hover_enabled=&#8221;on|desktop&#8221; box_shadow_color__hover=&#8221;rgba(61,61,61,0.35)&#8221;][et_pb_image src=&#8221;https:\/\/cecot.org\/wp-content\/uploads\/2025\/04\/ods-cecot-png.webp&#8221; alt=&#8221;ods cecot&#8221; title_text=&#8221;ods cecot&#8221; force_fullwidth=&#8221;on&#8221; _builder_version=&#8221;4.27.4&#8243; _module_preset=&#8221;default&#8221; global_colors_info=&#8221;{}&#8221;][\/et_pb_image][et_pb_heading title=&#8221;Objetivos de Desarrollo Sostenible&#8221; _builder_version=&#8221;4.27.4&#8243; _module_preset=&#8221;default&#8221; title_level=&#8221;h3&#8243; custom_margin=&#8221;|20px|3px|20px|false|true&#8221; hover_enabled=&#8221;0&#8243; global_colors_info=&#8221;{}&#8221; sticky_enabled=&#8221;0&#8243;][\/et_pb_heading][et_pb_text _builder_version=&#8221;4.27.4&#8243; _module_preset=&#8221;default&#8221; header_3_font_size=&#8221;20px&#8221; header_3_line_height=&#8221;1.3em&#8221; custom_margin=&#8221;||15px||false|false&#8221; custom_padding=&#8221;|20px||20px|false|true&#8221; hover_enabled=&#8221;0&#8243; global_colors_info=&#8221;{}&#8221; sticky_enabled=&#8221;0&#8243;]<\/p>\n<p>Impulsar empresas sostenibles hoy.<\/p>\n<p>[\/et_pb_text][et_pb_button button_url=&#8221;@ET-DC@eyJkeW5hbWljIjp0cnVlLCJjb250ZW50IjoicG9zdF9saW5rX3VybF9wYWdlIiwic2V0dGluZ3MiOnsicG9zdF9pZCI6IjM3MTczMiJ9fQ==@&#8221; button_text=&#8221;m\u00e1s informaci\u00f3n&#8221; _builder_version=&#8221;4.27.4&#8243; _module_preset=&#8221;default&#8221; custom_button=&#8221;on&#8221; button_font=&#8221;|||on|||||&#8221; custom_margin=&#8221;|20px|20px|20px|false|true&#8221; custom_padding=&#8221;5px|20px|5px|20px|true|true&#8221; hover_enabled=&#8221;0&#8243; global_colors_info=&#8221;{}&#8221; _dynamic_attributes=&#8221;button_url&#8221; sticky_enabled=&#8221;0&#8243;][\/et_pb_button][\/et_pb_column][et_pb_column _builder_version=&#8221;4.27.4&#8243; _module_preset=&#8221;default&#8221; type=&#8221;1_3&#8243; hover_enabled=&#8221;0&#8243; sticky_enabled=&#8221;0&#8243;][\/et_pb_column][\/et_pb_row][\/et_pb_section][et_pb_section fb_built=&#8221;1&#8243; disabled_on=&#8221;off|off|off&#8221; admin_label=&#8221;Split Section&#8221; _builder_version=&#8221;4.27.4&#8243; max_width=&#8221;100%&#8221; custom_margin=&#8221;|0px||0px|false|false&#8221; custom_padding=&#8221;0px||0px|&#8221; animation_direction=&#8221;bottom&#8221; da_disable_devices=&#8221;off|off|off&#8221; locked=&#8221;off&#8221; global_colors_info=&#8221;{}&#8221; da_is_popup=&#8221;off&#8221; da_exit_intent=&#8221;off&#8221; da_has_close=&#8221;on&#8221; da_alt_close=&#8221;off&#8221; da_dark_close=&#8221;off&#8221; da_not_modal=&#8221;on&#8221; da_is_singular=&#8221;off&#8221; da_with_loader=&#8221;off&#8221; da_has_shadow=&#8221;on&#8221;][et_pb_row column_structure=&#8221;1_2,1_2&#8243; use_custom_gutter=&#8221;on&#8221; gutter_width=&#8221;1&#8243; make_equal=&#8221;on&#8221; module_class=&#8221; et_pb_row_fullwidth&#8221; _builder_version=&#8221;4.27.4&#8243; background_size=&#8221;initial&#8221; background_position=&#8221;top_left&#8221; background_repeat=&#8221;repeat&#8221; width=&#8221;100%&#8221; width_tablet=&#8221;100%&#8221; width_phone=&#8221;&#8221; width_last_edited=&#8221;on|desktop&#8221; max_width=&#8221;100%&#8221; max_width_tablet=&#8221;100%&#8221; max_width_phone=&#8221;&#8221; max_width_last_edited=&#8221;on|desktop&#8221; custom_margin=&#8221;||||false|false&#8221; custom_padding=&#8221;0px||0px||false|false&#8221; custom_css_main_element=&#8221;max-width:100% !important;&#8221; make_fullwidth=&#8221;on&#8221; global_colors_info=&#8221;{}&#8221;][et_pb_column type=&#8221;1_2&#8243; _builder_version=&#8221;4.24.2&#8243; background_color=&#8221;#f4f4f4&#8243; background_position=&#8221;top_left&#8221; custom_padding=&#8221;6%|4%|6%|11%|true|false&#8221; custom_padding_tablet=&#8221;11%||11%|8%|true|false&#8221; custom_padding_phone=&#8221;17%||17%||true|false&#8221; custom_padding_last_edited=&#8221;on|phone&#8221; global_colors_info=&#8221;{}&#8221; custom_padding__hover=&#8221;|||&#8221;][et_pb_image src=&#8221;https:\/\/cecot.org\/wp-content\/uploads\/2024\/11\/logos-vectotials_cercle-mon-png.webp&#8221; alt=&#8221;logos vectotiales c\u00edrculo mundo&#8221; title_text=&#8221;logos vectotiales c\u00edrculo mundo&#8221; _builder_version=&#8221;4.27.4&#8243; _module_preset=&#8221;default&#8221; max_width=&#8221;300px&#8221; custom_margin=&#8221;||-10px|-35px|false|false&#8221; global_colors_info=&#8221;{}&#8221;][\/et_pb_image][et_pb_cta title=&#8221;Responsabilidad social y la solidaridad&#8221; button_url=&#8221;@ET-DC@eyJkeW5hbWljIjp0cnVlLCJjb250ZW50IjoicG9zdF9saW5rX3VybF9zZXJ2ZWkiLCJzZXR0aW5ncyI6eyJwb3N0X2lkIjoiMzU4OTcyIn19@&#8221; button_text=&#8221;M\u00c1S INFORMACI\u00d3N&#8221; admin_label=&#8221;Feature 01&#8243; _builder_version=&#8221;4.27.4&#8243; _dynamic_attributes=&#8221;button_url&#8221; header_font=&#8221;Assistant|700|||||||&#8221; header_text_color=&#8221;#1f1f1f&#8221; header_font_size=&#8221;25px&#8221; header_line_height=&#8221;1.2em&#8221; body_font=&#8221;Assistant|500|||||||&#8221; body_font_size=&#8221;20px&#8221; body_line_height=&#8221;1.6em&#8221; use_background_color=&#8221;off&#8221; custom_button=&#8221;on&#8221; button_text_color=&#8221;#ffffff&#8221; button_bg_color=&#8221;gcid-c029784f-721e-4acd-98b3-b2001c6c320b&#8221; button_border_color=&#8221;RGBA(0,0,0,0)&#8221; button_letter_spacing=&#8221;0px&#8221; button_font=&#8221;Assistant|700||on|||||&#8221; button_use_icon=&#8221;off&#8221; button_alignment=&#8221;left&#8221; button_custom_padding=&#8221;8px|30px|8px|30px|true|true&#8221; text_orientation=&#8221;left&#8221; background_layout=&#8221;light&#8221; module_alignment=&#8221;left&#8221; custom_margin=&#8221;||||false|false&#8221; custom_padding=&#8221;|||&#8221; animation_direction=&#8221;bottom&#8221; button_text_color_hover=&#8221;#6eba01&#8243; button_border_color_hover=&#8221;#6eba01&#8243; button_border_radius_hover=&#8221;0&#8243; button_letter_spacing_hover=&#8221;2&#8243; button_bg_color_hover=&#8221;rgba(0,0,0,0)&#8221; saved_tabs=&#8221;all&#8221; locked=&#8221;off&#8221; global_colors_info=&#8221;{%22gcid-c029784f-721e-4acd-98b3-b2001c6c320b%22:%91%22button_bg_color%22%93}&#8221; button_text_size__hover_enabled=&#8221;off&#8221; button_one_text_size__hover_enabled=&#8221;off&#8221; button_two_text_size__hover_enabled=&#8221;off&#8221; button_text_color__hover_enabled=&#8221;on&#8221; button_text_color__hover=&#8221;#FFFFFF&#8221; button_one_text_color__hover_enabled=&#8221;off&#8221; button_two_text_color__hover_enabled=&#8221;off&#8221; button_border_width__hover_enabled=&#8221;off|desktop&#8221; button_one_border_width__hover_enabled=&#8221;off&#8221; button_two_border_width__hover_enabled=&#8221;off&#8221; button_border_color__hover_enabled=&#8221;off|desktop&#8221; button_border_color__hover=&#8221;RGBA(0,0,0,0)&#8221; button_one_border_color__hover_enabled=&#8221;off&#8221; button_two_border_color__hover_enabled=&#8221;off&#8221; button_border_radius__hover_enabled=&#8221;off|desktop&#8221; button_border_radius__hover=&#8221;7px&#8221; button_one_border_radius__hover_enabled=&#8221;off&#8221; button_two_border_radius__hover_enabled=&#8221;off&#8221; button_letter_spacing__hover_enabled=&#8221;off|desktop&#8221; button_letter_spacing__hover=&#8221;0px&#8221; button_one_letter_spacing__hover_enabled=&#8221;off&#8221; button_two_letter_spacing__hover_enabled=&#8221;off&#8221; button_bg_color__hover_enabled=&#8221;on|hover&#8221; button_bg_color__hover=&#8221;#0079ad&#8221; button_one_bg_color__hover_enabled=&#8221;off&#8221; button_two_bg_color__hover_enabled=&#8221;off&#8221; button_bg_enable_color__hover=&#8221;on&#8221;]<\/p>\n<p><span>Cerclem\u00f3n es una comisi\u00f3n del C\u00edrculo que re\u00fane a empresarios, empresarias y profesionales comprometidos con la responsabilidad \u00e9tica y social. Desde 2005, trabaja para impulsar iniciativas solidarias que refuercen el v\u00ednculo entre el tejido empresarial y la sociedad, promoviendo un impacto positivo y sostenible. <\/span><\/p>\n<p>[\/et_pb_cta][\/et_pb_column][et_pb_column type=&#8221;1_2&#8243; disabled_on=&#8221;on|on|off&#8221; _builder_version=&#8221;4.27.4&#8243; background_image=&#8221;https:\/\/cecot.org\/wp-content\/uploads\/2025\/01\/20250102_np_recollida_joguines_cerclemon_creu_roja_001_b.webp&#8221; custom_padding=&#8221;|||&#8221; global_colors_info=&#8221;{}&#8221; custom_padding__hover=&#8221;|||&#8221;][\/et_pb_column][\/et_pb_row][\/et_pb_section]<\/p>\n","protected":false},"excerpt":{"rendered":"<p>Tus valores, nuestro compromiso. En Cecot tambi\u00e9n escogemos ser responsables. Reconocemos el compromiso de las empresas con su entorno y pretendemos encabezarlo con causas compartidas que buscan el progreso social, econ\u00f3mico y ambiental del pa\u00eds. El catal\u00e1n, lengua de empresa.La igualdad, progreso empresarial.La creaci\u00f3n de valor compartido, prop\u00f3sito de la empresa.Transici\u00f3n energ\u00e9tica para competir y [&hellip;]<\/p>\n","protected":false},"author":4,"featured_media":368453,"parent":0,"menu_order":0,"comment_status":"closed","ping_status":"closed","template":"","meta":{"_seopress_robots_primary_cat":"","_seopress_titles_title":"","_seopress_titles_desc":"Reconocemos el compromiso de las empresas con su entorno y pretendemos encabezarlo con causas compartidas que buscan el progreso social, econ\u00f3mico y ambiental del pa\u00eds.","_seopress_robots_index":"","_et_pb_use_builder":"on","_et_pb_old_content":"","_et_gb_content_width":"","footnotes":""},"categoria":[],"class_list":["post-367961","page","type-page","status-publish","has-post-thumbnail","hentry"],"_links":{"self":[{"href":"https:\/\/cecot.org\/es\/wp-json\/wp\/v2\/pages\/367961","targetHints":{"allow":["GET"]}}],"collection":[{"href":"https:\/\/cecot.org\/es\/wp-json\/wp\/v2\/pages"}],"about":[{"href":"https:\/\/cecot.org\/es\/wp-json\/wp\/v2\/types\/page"}],"author":[{"embeddable":true,"href":"https:\/\/cecot.org\/es\/wp-json\/wp\/v2\/users\/4"}],"replies":[{"embeddable":true,"href":"https:\/\/cecot.org\/es\/wp-json\/wp\/v2\/comments?post=367961"}],"version-history":[{"count":22,"href":"https:\/\/cecot.org\/es\/wp-json\/wp\/v2\/pages\/367961\/revisions"}],"predecessor-version":[{"id":372323,"href":"https:\/\/cecot.org\/es\/wp-json\/wp\/v2\/pages\/367961\/revisions\/372323"}],"wp:featuredmedia":[{"embeddable":true,"href":"https:\/\/cecot.org\/es\/wp-json\/wp\/v2\/media\/368453"}],"wp:attachment":[{"href":"https:\/\/cecot.org\/es\/wp-json\/wp\/v2\/media?parent=367961"}],"wp:term":[{"taxonomy":"categoria","embeddable":true,"href":"https:\/\/cecot.org\/es\/wp-json\/wp\/v2\/categoria?post=367961"}],"curies":[{"name":"wp","href":"https:\/\/api.w.org\/{rel}","templated":true}]}}