{"id":366994,"date":"2025-06-02T16:01:49","date_gmt":"2025-06-02T14:01:49","guid":{"rendered":"https:\/\/cecot.org\/incidencias-poligonos\/"},"modified":"2026-03-23T09:23:48","modified_gmt":"2026-03-23T07:23:48","slug":"incidencias-poligonos","status":"publish","type":"page","link":"https:\/\/cecot.org\/es\/incidencias-poligonos\/","title":{"rendered":"Incidencias pol\u00edgonos"},"content":{"rendered":"<p>[et_pb_section fb_built=&#8221;1&#8243; admin_label=&#8221;Section&#8221; module_id=&#8221;soci-autcat&#8221; _builder_version=&#8221;4.27.4&#8243; _module_preset=&#8221;default&#8221; background_color=&#8221;gcid-60e4f569-38a0-41dc-99e9-4ac010d6d5ab&#8221; module_alignment=&#8221;center&#8221; custom_padding=&#8221;120px||120px||true|false&#8221; da_popup_slug=&#8221;soci-autcat&#8221; da_disable_devices=&#8221;off|off|off&#8221; locked=&#8221;off&#8221; global_colors_info=&#8221;{%22gcid-60e4f569-38a0-41dc-99e9-4ac010d6d5ab%22:%91%22background_color%22%93}&#8221; da_is_popup=&#8221;off&#8221; da_exit_intent=&#8221;off&#8221; da_has_close=&#8221;on&#8221; da_alt_close=&#8221;off&#8221; da_dark_close=&#8221;off&#8221; da_not_modal=&#8221;on&#8221; da_is_singular=&#8221;off&#8221; da_with_loader=&#8221;off&#8221; da_has_shadow=&#8221;on&#8221;][et_pb_row _builder_version=&#8221;4.27.4&#8243; _module_preset=&#8221;default&#8221; background_color=&#8221;#FFFFFF&#8221; width_tablet=&#8221;&#8221; width_phone=&#8221;100%&#8221; width_last_edited=&#8221;on|phone&#8221; max_width=&#8221;900px&#8221; max_width_tablet=&#8221;900px&#8221; max_width_phone=&#8221;100%&#8221; max_width_last_edited=&#8221;on|phone&#8221; custom_padding=&#8221;30px|30px|30px|30px|true|true&#8221; border_radii=&#8221;on|15px|15px|15px|15px&#8221; border_color_all=&#8221;rgba(0,185,233,0.48)&#8221; border_width_top=&#8221;8px&#8221; border_color_top=&#8221;gcid-4a157bdc-8ffc-47ad-b909-abb4d5721d85&#8243; box_shadow_style=&#8221;preset3&#8243; box_shadow_color=&#8221;rgba(0,0,0,0.21)&#8221; locked=&#8221;off&#8221; global_colors_info=&#8221;{%22gcid-4a157bdc-8ffc-47ad-b909-abb4d5721d85%22:%91%22border_color_top%22%93}&#8221;][et_pb_column type=&#8221;4_4&#8243; _builder_version=&#8221;4.20.0&#8243; _module_preset=&#8221;default&#8221; global_colors_info=&#8221;{}&#8221;][et_pb_image src=&#8221;https:\/\/cecot.org\/wp-content\/uploads\/2024\/01\/cecot_agrupacio-poligons-terrassa.png&#8221; alt=&#8221;Agrupaci\u00f3n de Pol\u00edgonos de Terrassa&#8221; title_text=&#8221;Agrupaci\u00f3n de Pol\u00edgonos de Terrassa&#8221; _builder_version=&#8221;4.27.4&#8243; _module_preset=&#8221;default&#8221; max_width=&#8221;308px&#8221; custom_margin=&#8221;|||-50px|false|false&#8221; global_colors_info=&#8221;{}&#8221;][\/et_pb_image][et_pb_text _builder_version=&#8221;4.27.6&#8243; _module_preset=&#8221;default&#8221; text_line_height=&#8221;1.6em&#8221; header_2_font=&#8221;&#8211;et_global_body_font|700|||||||&#8221; header_2_text_align=&#8221;left&#8221; header_2_text_color=&#8221;gcid-4a157bdc-8ffc-47ad-b909-abb4d5721d85&#8243; header_2_font_size=&#8221;30px&#8221; header_2_line_height=&#8221;1.3em&#8221; header_3_line_height=&#8221;1.4em&#8221; custom_margin=&#8221;||8px||false|false&#8221; hover_enabled=&#8221;0&#8243; header_2_text_align_tablet=&#8221;left&#8221; header_2_text_align_phone=&#8221;left&#8221; header_2_text_align_last_edited=&#8221;on|desktop&#8221; header_2_font_size_tablet=&#8221;27px&#8221; header_2_font_size_phone=&#8221;24px&#8221; header_2_font_size_last_edited=&#8221;on|desktop&#8221; text_orientation_tablet=&#8221;left&#8221; text_orientation_phone=&#8221;left&#8221; text_orientation_last_edited=&#8221;on|tablet&#8221; locked=&#8221;off&#8221; global_colors_info=&#8221;{%22gcid-4a157bdc-8ffc-47ad-b909-abb4d5721d85%22:%91%22header_2_text_color%22%93}&#8221; sticky_enabled=&#8221;0&#8243;]<\/p>\n<h1>Haznos llegar las incidencias de tu pol\u00edgono<\/h1>\n<p>Tienes a tu disposici\u00f3n un canal directo con el Ayuntamiento para comunicar cualquier incidencia que detectes en tu pol\u00edgono. Desde la Agrupaci\u00f3n de Pol\u00edgonos de Terrassa nos encargamos de hacerlo llegar al Ayuntamiento para que puedan resolverse.<\/p>\n<p>[\/et_pb_text][et_pb_contact_form email=&#8221;poligonsterrassa@cecot.org&#8221; custom_message=&#8221;Nova sol\u00b7licitud de contacte a trav\u00e9s de %22FORMULARI D&#8217;INCID\u00c8NCIES%22:||et_pb_line_break_holder||||et_pb_line_break_holder||Empresa: %%empresa%%||et_pb_line_break_holder||Nom: %%nom%%||et_pb_line_break_holder||Correu electr\u00f2nic: %%email%%||et_pb_line_break_holder||Tel\u00e8fon: %%telefon%%||et_pb_line_break_holder||Adre\u00e7a: %%adreca%%||et_pb_line_break_holder||De quin pol\u00edgon formes part?: %%poligon%%||et_pb_line_break_holder||Incid\u00e8ncia: %%incidencia%%||et_pb_line_break_holder||||et_pb_line_break_holder||Rgpd i junta: ||et_pb_line_break_holder|| %%RGPD%% Pol\u00edtica de privadesa i cookies*||et_pb_line_break_holder||||et_pb_line_break_holder||&#8221; success_message=&#8221;Hola!\u00a1Hemos recibido tu mensaje correctamente!  &#8221; submit_button_text=&#8221;Enviar&#8221; _builder_version=&#8221;4.27.5&#8243; _module_preset=&#8221;_initial&#8221; form_field_text_color=&#8221;#353535&#8243; title_level=&#8221;h2&#8243; title_font=&#8221;Assistant|700|||||||&#8221; title_text_align=&#8221;left&#8221; form_field_font=&#8221;&#8211;et_global_body_font||||||||&#8221; form_field_text_align=&#8221;left&#8221; form_field_font_size=&#8221;13px&#8221; form_field_letter_spacing=&#8221;0em&#8221; form_field_line_height=&#8221;1.4em&#8221; custom_button=&#8221;on&#8221; button_font=&#8221;|||on|||||&#8221; button_custom_margin_tablet=&#8221;30px||30px||false|false&#8221; button_custom_margin_phone=&#8221;30px||30px||false|false&#8221; button_custom_margin_last_edited=&#8221;on|phone&#8221; button_custom_padding=&#8221;5px|20px|5px|20px|true|true&#8221; module_alignment=&#8221;left&#8221; custom_margin=&#8221;0px||0px||false|false&#8221; custom_padding=&#8221;0px||0px||true|false&#8221; custom_css_contact_button=&#8221;||line-height: 0 !important;||height: 30px;||&#8221; custom_css_captcha_field=&#8221;width: 30px;||height: 30px;||margin-left: 8px;&#8221; border_radii=&#8221;on|6px|6px|6px|6px&#8221; border_width_all=&#8221;1px&#8221; border_color_all=&#8221;gcid-19cc8b50-e2cd-4261-9821-2334e68c8c13&#8243; locked=&#8221;off&#8221; global_colors_info=&#8221;{%22gcid-6acd5db4-f768-4d0b-8738-0f73ed0de669%22:%91%22button_bg_color%22,%22button_bg_color__hover%22%93,%22gcid-19cc8b50-e2cd-4261-9821-2334e68c8c13%22:%91%22border_color_all%22%93}&#8221; button_bg_color__hover=&#8221;#000000&#8243; button_bg_color__hover_enabled=&#8221;on|desktop&#8221;][et_pb_contact_field field_id=&#8221;empresa&#8221; field_title=&#8221;Nombre de la empresa&#8221; _builder_version=&#8221;4.27.4&#8243; _module_preset=&#8221;default&#8221; height=&#8221;45px&#8221; custom_margin=&#8221;||10px||false|false&#8221; custom_margin_tablet=&#8221;||10px||false|false&#8221; custom_margin_phone=&#8221;0px||10px||false|false&#8221; custom_margin_last_edited=&#8221;off|desktop&#8221; custom_padding=&#8221;0px||0px||true|false&#8221; global_colors_info=&#8221;{}&#8221; button_text_size__hover_enabled=&#8221;off&#8221; button_one_text_size__hover_enabled=&#8221;off&#8221; button_two_text_size__hover_enabled=&#8221;off&#8221; button_text_color__hover_enabled=&#8221;off&#8221; button_one_text_color__hover_enabled=&#8221;off&#8221; button_two_text_color__hover_enabled=&#8221;off&#8221; button_border_width__hover_enabled=&#8221;off&#8221; button_one_border_width__hover_enabled=&#8221;off&#8221; button_two_border_width__hover_enabled=&#8221;off&#8221; button_border_color__hover_enabled=&#8221;off&#8221; button_one_border_color__hover_enabled=&#8221;off&#8221; button_two_border_color__hover_enabled=&#8221;off&#8221; button_border_radius__hover_enabled=&#8221;off&#8221; button_one_border_radius__hover_enabled=&#8221;off&#8221; button_two_border_radius__hover_enabled=&#8221;off&#8221; button_letter_spacing__hover_enabled=&#8221;off&#8221; button_one_letter_spacing__hover_enabled=&#8221;off&#8221; button_two_letter_spacing__hover_enabled=&#8221;off&#8221; button_bg_color__hover_enabled=&#8221;off&#8221; button_one_bg_color__hover_enabled=&#8221;off&#8221; button_two_bg_color__hover_enabled=&#8221;off&#8221;][\/et_pb_contact_field][et_pb_contact_field field_id=&#8221;nom&#8221; field_title=&#8221;Nombre y apellido&#8221; _builder_version=&#8221;4.27.4&#8243; _module_preset=&#8221;default&#8221; height=&#8221;45px&#8221; custom_margin=&#8221;0px||10px||false|false&#8221; custom_margin_tablet=&#8221;0px||10px||false|false&#8221; custom_margin_phone=&#8221;0px||||false|false&#8221; custom_margin_last_edited=&#8221;off|desktop&#8221; custom_padding=&#8221;||||true|false&#8221; global_colors_info=&#8221;{}&#8221; button_text_size__hover_enabled=&#8221;off&#8221; button_one_text_size__hover_enabled=&#8221;off&#8221; button_two_text_size__hover_enabled=&#8221;off&#8221; button_text_color__hover_enabled=&#8221;off&#8221; button_one_text_color__hover_enabled=&#8221;off&#8221; button_two_text_color__hover_enabled=&#8221;off&#8221; button_border_width__hover_enabled=&#8221;off&#8221; button_one_border_width__hover_enabled=&#8221;off&#8221; button_two_border_width__hover_enabled=&#8221;off&#8221; button_border_color__hover_enabled=&#8221;off&#8221; button_one_border_color__hover_enabled=&#8221;off&#8221; button_two_border_color__hover_enabled=&#8221;off&#8221; button_border_radius__hover_enabled=&#8221;off&#8221; button_one_border_radius__hover_enabled=&#8221;off&#8221; button_two_border_radius__hover_enabled=&#8221;off&#8221; button_letter_spacing__hover_enabled=&#8221;off&#8221; button_one_letter_spacing__hover_enabled=&#8221;off&#8221; button_two_letter_spacing__hover_enabled=&#8221;off&#8221; button_bg_color__hover_enabled=&#8221;off&#8221; button_one_bg_color__hover_enabled=&#8221;off&#8221; button_two_bg_color__hover_enabled=&#8221;off&#8221; custom_css_before_last_edited=&#8221;off|phone&#8221; custom_css_before_phone=&#8221;;&#8221;][\/et_pb_contact_field][et_pb_contact_field field_id=&#8221;email&#8221; field_title=&#8221;Email&#8221; field_type=&#8221;email&#8221; _builder_version=&#8221;4.27.4&#8243; _module_preset=&#8221;default&#8221; height=&#8221;45px&#8221; custom_margin=&#8221;0px||10px||false|false&#8221; custom_padding=&#8221;0px||0px||true|false&#8221; global_colors_info=&#8221;{}&#8221; button_text_size__hover_enabled=&#8221;off&#8221; button_one_text_size__hover_enabled=&#8221;off&#8221; button_two_text_size__hover_enabled=&#8221;off&#8221; button_text_color__hover_enabled=&#8221;off&#8221; button_one_text_color__hover_enabled=&#8221;off&#8221; button_two_text_color__hover_enabled=&#8221;off&#8221; button_border_width__hover_enabled=&#8221;off&#8221; button_one_border_width__hover_enabled=&#8221;off&#8221; button_two_border_width__hover_enabled=&#8221;off&#8221; button_border_color__hover_enabled=&#8221;off&#8221; button_one_border_color__hover_enabled=&#8221;off&#8221; button_two_border_color__hover_enabled=&#8221;off&#8221; button_border_radius__hover_enabled=&#8221;off&#8221; button_one_border_radius__hover_enabled=&#8221;off&#8221; button_two_border_radius__hover_enabled=&#8221;off&#8221; button_letter_spacing__hover_enabled=&#8221;off&#8221; button_one_letter_spacing__hover_enabled=&#8221;off&#8221; button_two_letter_spacing__hover_enabled=&#8221;off&#8221; button_bg_color__hover_enabled=&#8221;off&#8221; button_one_bg_color__hover_enabled=&#8221;off&#8221; button_two_bg_color__hover_enabled=&#8221;off&#8221;][\/et_pb_contact_field][et_pb_contact_field field_id=&#8221;telefon&#8221; field_title=&#8221;Tel\u00e9fono&#8221; _builder_version=&#8221;4.27.4&#8243; _module_preset=&#8221;default&#8221; height=&#8221;45px&#8221; custom_margin=&#8221;0px||10px||false|false&#8221; custom_padding=&#8221;0px||0px||true|false&#8221; global_colors_info=&#8221;{}&#8221;][\/et_pb_contact_field][et_pb_contact_field field_id=&#8221;adreca&#8221; field_title=&#8221;Direcci\u00f3n&#8221; fullwidth_field=&#8221;on&#8221; _builder_version=&#8221;4.27.4&#8243; _module_preset=&#8221;default&#8221; height=&#8221;45px&#8221; custom_margin=&#8221;0px||10px||false|false&#8221; custom_padding=&#8221;0px||0px||true|false&#8221; global_colors_info=&#8221;{}&#8221; button_text_size__hover_enabled=&#8221;off&#8221; button_one_text_size__hover_enabled=&#8221;off&#8221; button_two_text_size__hover_enabled=&#8221;off&#8221; button_text_color__hover_enabled=&#8221;off&#8221; button_one_text_color__hover_enabled=&#8221;off&#8221; button_two_text_color__hover_enabled=&#8221;off&#8221; button_border_width__hover_enabled=&#8221;off&#8221; button_one_border_width__hover_enabled=&#8221;off&#8221; button_two_border_width__hover_enabled=&#8221;off&#8221; button_border_color__hover_enabled=&#8221;off&#8221; button_one_border_color__hover_enabled=&#8221;off&#8221; button_two_border_color__hover_enabled=&#8221;off&#8221; button_border_radius__hover_enabled=&#8221;off&#8221; button_one_border_radius__hover_enabled=&#8221;off&#8221; button_two_border_radius__hover_enabled=&#8221;off&#8221; button_letter_spacing__hover_enabled=&#8221;off&#8221; button_one_letter_spacing__hover_enabled=&#8221;off&#8221; button_two_letter_spacing__hover_enabled=&#8221;off&#8221; button_bg_color__hover_enabled=&#8221;off&#8221; button_one_bg_color__hover_enabled=&#8221;off&#8221; button_two_bg_color__hover_enabled=&#8221;off&#8221;][\/et_pb_contact_field][et_pb_contact_field field_id=&#8221;poligon&#8221; field_title=&#8221;\u00bfDe qu\u00e9 pol\u00edgono formas parte?&#8221; field_type=&#8221;select&#8221; select_options=&#8221;%91{%22value%22:%22Pol\u00edgon Industrial%22,%22checked%22:0,%22dragID%22:-1},{%22value%22:%22Associaci\u00f3 d&#8217;Empresaris i Propietaris dels Pol\u00edgons del Nord%22,%22checked%22:0,%22dragID%22:0},{%22value%22:%22Associaci\u00f3 d&#8217;Empresaris i Propietaris del Pol\u00edgon Segle XX%22,%22checked%22:0,%22dragID%22:1},{%22value%22:%22Associaci\u00f3 d&#8217;Empresaris i Propietaris del Pol\u00edgon Can Farcan%22,%22checked%22:0,%22dragID%22:2},{%22value%22:%22Associaci\u00f3 d&#8217;Empresaris i Propietaris del Pol\u00edgon Colom II%22,%22checked%22:0,%22dragID%22:3},{%22value%22:%22Associaci\u00f3 d&#8217;Empresaris i Propietaris dels Pol\u00edgons Santa Margarida I i II%22,%22checked%22:0,%22dragID%22:4},{%22value%22:%22Associaci\u00f3 d&#8217;Empresaris i Propietaris del Pol\u00edgon Can Parellada%22,%22checked%22:0,%22dragID%22:5},{%22value%22:%22Pol\u00edgon Industrial els Bellots%22,%22checked%22:0,%22dragID%22:6}%93&#8243; fullwidth_field=&#8221;on&#8221; _builder_version=&#8221;4.27.4&#8243; _module_preset=&#8221;default&#8221; height=&#8221;52px&#8221; custom_margin=&#8221;0px||10px||false|false&#8221; custom_padding=&#8221;0px||0px||false|false&#8221; global_colors_info=&#8221;{}&#8221;][\/et_pb_contact_field][et_pb_contact_field field_id=&#8221;incidencia&#8221; field_title=&#8221;Incid\u00e8ncia&#8221; field_type=&#8221;text&#8221; fullwidth_field=&#8221;on&#8221; _builder_version=&#8221;4.27.4&#8243; _module_preset=&#8221;default&#8221; global_colors_info=&#8221;{}&#8221;][\/et_pb_contact_field][et_pb_contact_field field_id=&#8221;RGPD&#8221; field_title=&#8221; &#8221; field_type=&#8221;checkbox&#8221; checkbox_options=&#8221;%91{%22value%22:%22He le\u00eddo y acepto la %22,%22checked%22:0,%22dragID%22:-1,%22link_url%22:%22https:%92\/%92\/cecot.org%92\/politica-de-privadesa%92\/%22,%22link_text%22:%22Pol\u00edtica de privadesa i cookies*%22}%93&#8243; fullwidth_field=&#8221;on&#8221; _builder_version=&#8221;4.27.4&#8243; _module_preset=&#8221;default&#8221; custom_margin=&#8221;0px||0px||false|false&#8221; custom_padding=&#8221;0px||0px||false|false&#8221; global_colors_info=&#8221;{}&#8221;][\/et_pb_contact_field][\/et_pb_contact_form][et_pb_text module_id=&#8221;rgpd&#8221; _builder_version=&#8221;4.27.4&#8243; _module_preset=&#8221;default&#8221; text_font_size=&#8221;12px&#8221; locked=&#8221;off&#8221; global_colors_info=&#8221;{}&#8221;]<\/p>\n<p><strong><em>*Con el env\u00edo de este formulario confirmas que has le\u00eddo la siguiente Informaci\u00f3n b\u00e1sica sobre Protecci\u00f3n de Datos: <\/em><\/strong><\/p>\n<p><strong>Responsable:<\/strong> Cecot. <strong>Finalitat<\/strong>: Atenci\u00f3 i gesti\u00f3 de la seva sol\u00b7licitud del servei d\u2019alta de soci i l\u2019establiment o manteniment de relacions comercials. <strong>Legitimaci\u00f3<\/strong>: La relaci\u00f3 jur\u00eddica per la prestaci\u00f3 del servei i l\u2019inter\u00e8s leg\u00edtim en el desenvolupament de la relaci\u00f3 comercial. <strong>Destinataris<\/strong>: Les fundacions, gremis i associacions del Grup Cecot. <strong>Drets<\/strong>: Acc\u00e9s, rectificaci\u00f3, supressi\u00f3, limitaci\u00f3, oposici\u00f3 i portabilitat.<\/p>\n<p>[\/et_pb_text][\/et_pb_column][\/et_pb_row][\/et_pb_section]<\/p>\n","protected":false},"excerpt":{"rendered":"<p>Haznos llegar las incidencias de tu pol\u00edgono Tienes a tu disposici\u00f3n un canal directo con el Ayuntamiento para comunicar cualquier incidencia que detectes en tu pol\u00edgono. Desde la Agrupaci\u00f3n de Pol\u00edgonos de Terrassa nos encargamos de hacerlo llegar al Ayuntamiento para que puedan resolverse.*Con el env\u00edo de este formulario confirmas que has le\u00eddo la siguiente [&hellip;]<\/p>\n","protected":false},"author":4,"featured_media":0,"parent":0,"menu_order":0,"comment_status":"closed","ping_status":"closed","template":"","meta":{"_seopress_robots_primary_cat":"","_seopress_titles_title":"","_seopress_titles_desc":"Inf\u00f3rmate sobre las incidencias y novedades en los pol\u00edgonos industriales de Terrassa. Acceso exclusivo para usuarios autorizados. ","_seopress_robots_index":"","_et_pb_use_builder":"on","_et_pb_old_content":"","_et_gb_content_width":"","footnotes":""},"categoria":[],"class_list":["post-366994","page","type-page","status-publish","hentry"],"_links":{"self":[{"href":"https:\/\/cecot.org\/es\/wp-json\/wp\/v2\/pages\/366994","targetHints":{"allow":["GET"]}}],"collection":[{"href":"https:\/\/cecot.org\/es\/wp-json\/wp\/v2\/pages"}],"about":[{"href":"https:\/\/cecot.org\/es\/wp-json\/wp\/v2\/types\/page"}],"author":[{"embeddable":true,"href":"https:\/\/cecot.org\/es\/wp-json\/wp\/v2\/users\/4"}],"replies":[{"embeddable":true,"href":"https:\/\/cecot.org\/es\/wp-json\/wp\/v2\/comments?post=366994"}],"version-history":[{"count":22,"href":"https:\/\/cecot.org\/es\/wp-json\/wp\/v2\/pages\/366994\/revisions"}],"predecessor-version":[{"id":386283,"href":"https:\/\/cecot.org\/es\/wp-json\/wp\/v2\/pages\/366994\/revisions\/386283"}],"wp:attachment":[{"href":"https:\/\/cecot.org\/es\/wp-json\/wp\/v2\/media?parent=366994"}],"wp:term":[{"taxonomy":"categoria","embeddable":true,"href":"https:\/\/cecot.org\/es\/wp-json\/wp\/v2\/categoria?post=366994"}],"curies":[{"name":"wp","href":"https:\/\/api.w.org\/{rel}","templated":true}]}}