{"id":349384,"date":"2024-11-07T13:37:11","date_gmt":"2024-11-07T11:37:11","guid":{"rendered":"https:\/\/cecot.org\/trabaja-con-nosotros\/"},"modified":"2025-09-23T16:27:48","modified_gmt":"2025-09-23T14:27:48","slug":"trabaja-con-nosotros","status":"publish","type":"page","link":"https:\/\/cecot.org\/es\/trabaja-con-nosotros\/","title":{"rendered":"Trabaja con nosotros"},"content":{"rendered":"<p>[et_pb_section fb_built=&#8221;1&#8243; custom_padding_last_edited=&#8221;off|desktop&#8221; _builder_version=&#8221;4.27.4&#8243; _module_preset=&#8221;default&#8221; background_color=&#8221;gcid-d036505a-aba9-4d6b-bf63-64602c2b1939&#8243; height_tablet=&#8221;630px&#8221; height_phone=&#8221;100%&#8221; height_last_edited=&#8221;off|desktop&#8221; custom_margin=&#8221;0px||0px||false|false&#8221; custom_padding=&#8221;||||true|false&#8221; custom_padding_tablet=&#8221;50px||50px||true|false&#8221; custom_padding_phone=&#8221;55px||40px||false|false&#8221; da_disable_devices=&#8221;off|off|off&#8221; collapsed=&#8221;off&#8221; global_colors_info=&#8221;{%22gcid-d036505a-aba9-4d6b-bf63-64602c2b1939%22:%91%22background_color%22%93}&#8221; da_is_popup=&#8221;off&#8221; da_exit_intent=&#8221;off&#8221; da_has_close=&#8221;on&#8221; da_alt_close=&#8221;off&#8221; da_dark_close=&#8221;off&#8221; da_not_modal=&#8221;on&#8221; da_is_singular=&#8221;off&#8221; da_with_loader=&#8221;off&#8221; da_has_shadow=&#8221;on&#8221;][et_pb_row column_structure=&#8221;1_2,1_2&#8243; _builder_version=&#8221;4.27.4&#8243; _module_preset=&#8221;default&#8221; custom_padding=&#8221;0px||||false|false&#8221; global_colors_info=&#8221;{}&#8221;][et_pb_column type=&#8221;1_2&#8243; _builder_version=&#8221;4.27.3&#8243; _module_preset=&#8221;default&#8221; global_colors_info=&#8221;{}&#8221;][et_pb_text _builder_version=&#8221;4.25.1&#8243; _module_preset=&#8221;default&#8221; header_text_color=&#8221;#000000&#8243; header_font_size=&#8221;48px&#8221; header_line_height=&#8221;1.2em&#8221; background_enable_color=&#8221;off&#8221; custom_margin=&#8221;||0px||false|false&#8221; custom_padding=&#8221;15px|0px|0px|0px|false|false&#8221; header_font_size_tablet=&#8221;48px&#8221; header_font_size_phone=&#8221;&#8221; header_font_size_last_edited=&#8221;on|phone&#8221; global_colors_info=&#8221;{}&#8221;]<\/p>\n<h1>Trabaja con nosotros<\/h1>\n<p>[\/et_pb_text][et_pb_text _builder_version=&#8221;4.25.1&#8243; _module_preset=&#8221;default&#8221; text_text_color=&#8221;#000000&#8243; text_font_size=&#8221;20px&#8221; text_line_height=&#8221;1.6em&#8221; header_2_font=&#8221;Assistant|500|||||||&#8221; header_2_font_size=&#8221;22px&#8221; header_2_line_height=&#8221;1.4em&#8221; header_3_font=&#8221;Assistant|500|||||||&#8221; header_3_text_color=&#8221;#000000&#8243; header_3_line_height=&#8221;1.5em&#8221; global_colors_info=&#8221;{}&#8221;]<\/p>\n<p><span>\u00bfTe gustar\u00eda trabajar a la Cecot? Env\u00edanos tus datos, el curr\u00edculum y la carta de presentaci\u00f3n. Lo tendremos en cuenta para los futuros procesos de selecci\u00f3n  <\/span><\/p>\n<p>[\/et_pb_text][\/et_pb_column][et_pb_column type=&#8221;1_2&#8243; _builder_version=&#8221;4.27.3&#8243; _module_preset=&#8221;default&#8221; global_colors_info=&#8221;{}&#8221;][\/et_pb_column][\/et_pb_row][\/et_pb_section][et_pb_section fb_built=&#8221;1&#8243; disabled_on=&#8221;off|off|off&#8221; _builder_version=&#8221;4.27.3&#8243; _module_preset=&#8221;default&#8221; da_disable_devices=&#8221;off|off|off&#8221; global_colors_info=&#8221;{}&#8221; da_is_popup=&#8221;off&#8221; da_exit_intent=&#8221;off&#8221; da_has_close=&#8221;on&#8221; da_alt_close=&#8221;off&#8221; da_dark_close=&#8221;off&#8221; da_not_modal=&#8221;on&#8221; da_is_singular=&#8221;off&#8221; da_with_loader=&#8221;off&#8221; da_has_shadow=&#8221;on&#8221;][et_pb_row _builder_version=&#8221;4.27.4&#8243; _module_preset=&#8221;default&#8221; custom_padding=&#8221;0px|||||&#8221; global_colors_info=&#8221;{}&#8221;][et_pb_column type=&#8221;4_4&#8243; _builder_version=&#8221;4.27.4&#8243; _module_preset=&#8221;default&#8221; global_colors_info=&#8221;{}&#8221;][et_pb_text _builder_version=&#8221;4.27.4&#8243; _module_preset=&#8221;default&#8221; text_font_size=&#8221;20px&#8221; text_line_height=&#8221;1.4em&#8221; header_text_align=&#8221;center&#8221; header_2_text_align=&#8221;center&#8221; text_orientation=&#8221;center&#8221; global_colors_info=&#8221;{}&#8221;]<\/p>\n<h2>Ofertas en curso<\/h2>\n<p>[\/et_pb_text][\/et_pb_column][\/et_pb_row][et_pb_row disabled_on=&#8221;off|off|off&#8221; _builder_version=&#8221;4.27.4&#8243; _module_preset=&#8221;default&#8221; custom_padding=&#8221;0px||0px||true|false&#8221; global_colors_info=&#8221;{}&#8221;][et_pb_column type=&#8221;4_4&#8243; _builder_version=&#8221;4.27.4&#8243; _module_preset=&#8221;default&#8221; global_colors_info=&#8221;{}&#8221;][et_pb_code disabled_on=&#8221;off|off|off&#8221; module_class=&#8221;grid-workus&#8221; _builder_version=&#8221;4.27.4&#8243; _module_preset=&#8221;default&#8221; hover_enabled=&#8221;0&#8243; global_colors_info=&#8221;{}&#8221; sticky_enabled=&#8221;0&#8243;]  <\/p>\n<div class=\"card-work-us\"><!-- [et_pb_line_break_holder] -->  <\/p>\n<div class=\"header-card\"><!-- [et_pb_line_break_holder] -->    <\/p>\n<div class=\"ubicacio-card\"><!-- [et_pb_line_break_holder] --><br \/>\n#230925<!-- [et_pb_line_break_holder] -->    <\/div>\n<p><!-- [et_pb_line_break_holder] -->  <!-- [et_pb_line_break_holder] -->    <!-- [et_pb_line_break_holder] -->  <\/div>\n<p><!-- [et_pb_line_break_holder] -->  <\/p>\n<div class=\"content-card\"><!-- [et_pb_line_break_holder] --><!-- [et_pb_line_break_holder] --> <!-- [et_pb_line_break_holder] -->    <\/p>\n<div class=\"carrec-card\"><!-- [et_pb_line_break_holder] --> Prospector\/a<!-- [et_pb_line_break_holder] -->    <\/div>\n<p><!-- [et_pb_line_break_holder] -->    <!-- [et_pb_line_break_holder] -->    <\/p>\n<div class=\"data-card\"><!-- [et_pb_line_break_holder] -->        <i class=\"fi fi-rr-marker\"><\/i><!-- [et_pb_line_break_holder] --> Ubicaci\u00f3n: Terrassa<!-- [et_pb_line_break_holder] -->      <!-- [et_pb_line_break_holder] -->    <\/div>\n<p><!-- [et_pb_line_break_holder] -->    <!-- [et_pb_line_break_holder] -->       <\/p>\n<div class=\"data-card\"><!-- [et_pb_line_break_holder] -->       <i class=\"fi fi-rr-calendar-lines\"><\/i><!-- [et_pb_line_break_holder] --> Publicaci\u00f3n: 23\/09\/2025<!-- [et_pb_line_break_holder] -->    <\/div>\n<p><!-- [et_pb_line_break_holder] -->    <!-- [et_pb_line_break_holder] -->  <\/div>\n<p><!-- [et_pb_line_break_holder] -->  <\/p>\n<div class=\"footer-card\"><!-- [et_pb_line_break_holder] -->    <\/p>\n<div class=\"btn-card\"><!-- [et_pb_line_break_holder] -->      <a href=\"https:\/\/cecot.org\/oferta\/prospector-a-230925\/\">M\u00c1S INFORMACI\u00d3N<\/a><!-- [et_pb_line_break_holder] -->    <\/div>\n<p><!-- [et_pb_line_break_holder] -->  <\/div>\n<p><!-- [et_pb_line_break_holder] -->  <!-- [et_pb_line_break_holder] --><\/div>\n<p><!-- [et_pb_line_break_holder] -->    <\/p>\n<div class=\"card-work-us\"><!-- [et_pb_line_break_holder] -->  <\/p>\n<div class=\"header-card\"><!-- [et_pb_line_break_holder] -->    <\/p>\n<div class=\"ubicacio-card\"><!-- [et_pb_line_break_holder] --><br \/>\n#171224<!-- [et_pb_line_break_holder] -->    <\/div>\n<p><!-- [et_pb_line_break_holder] -->  <!-- [et_pb_line_break_holder] -->    <!-- [et_pb_line_break_holder] -->  <\/div>\n<p><!-- [et_pb_line_break_holder] -->  <\/p>\n<div class=\"content-card\"><!-- [et_pb_line_break_holder] --><!-- [et_pb_line_break_holder] --> <!-- [et_pb_line_break_holder] -->    <\/p>\n<div class=\"carrec-card\"><!-- [et_pb_line_break_holder] -->  Asesor Comercial<!-- [et_pb_line_break_holder] -->    <\/div>\n<p><!-- [et_pb_line_break_holder] -->    <!-- [et_pb_line_break_holder] -->    <\/p>\n<div class=\"data-card\"><!-- [et_pb_line_break_holder] -->        <i class=\"fi fi-rr-marker\"><\/i><!-- [et_pb_line_break_holder] --> Ubicaci\u00f3n: Terrassa<!-- [et_pb_line_break_holder] -->      <!-- [et_pb_line_break_holder] -->    <\/div>\n<p><!-- [et_pb_line_break_holder] -->    <!-- [et_pb_line_break_holder] -->       <\/p>\n<div class=\"data-card\"><!-- [et_pb_line_break_holder] -->       <i class=\"fi fi-rr-calendar-lines\"><\/i><!-- [et_pb_line_break_holder] --> Publicaci\u00f3n: 23\/09\/2025<!-- [et_pb_line_break_holder] -->    <\/div>\n<p><!-- [et_pb_line_break_holder] -->    <!-- [et_pb_line_break_holder] -->  <\/div>\n<p><!-- [et_pb_line_break_holder] -->  <\/p>\n<div class=\"footer-card\"><!-- [et_pb_line_break_holder] -->    <\/p>\n<div class=\"btn-card\"><!-- [et_pb_line_break_holder] -->      <a href=\"https:\/\/cecot.org\/es\/oferta\/asesor-comercial\/\">M\u00c1S INFORMACI\u00d3N<\/a><!-- [et_pb_line_break_holder] -->    <\/div>\n<p><!-- [et_pb_line_break_holder] -->  <\/div>\n<p><!-- [et_pb_line_break_holder] -->  <!-- [et_pb_line_break_holder] --><\/div>\n<p><!-- [et_pb_line_break_holder] --> <!-- [et_pb_line_break_holder] --><!-- [et_pb_line_break_holder] --><!-- [et_pb_line_break_holder] --> <!-- [et_pb_line_break_holder] -->    <\/p>\n<div class=\"card-work-us\"><!-- [et_pb_line_break_holder] -->  <\/p>\n<div class=\"header-card\"><!-- [et_pb_line_break_holder] -->    <\/p>\n<div class=\"ubicacio-card\"><!-- [et_pb_line_break_holder] --><br \/>\n#070525f<!-- [et_pb_line_break_holder] -->    <\/div>\n<p><!-- [et_pb_line_break_holder] -->  <!-- [et_pb_line_break_holder] -->    <!-- [et_pb_line_break_holder] -->  <\/div>\n<p><!-- [et_pb_line_break_holder] -->  <\/p>\n<div class=\"content-card\"><!-- [et_pb_line_break_holder] --><!-- [et_pb_line_break_holder] --> <!-- [et_pb_line_break_holder] -->    <\/p>\n<div class=\"carrec-card\"><!-- [et_pb_line_break_holder] --> Consultor\/a de formaci\u00f3n<!-- [et_pb_line_break_holder] -->    <\/div>\n<p><!-- [et_pb_line_break_holder] -->    <!-- [et_pb_line_break_holder] -->    <\/p>\n<div class=\"data-card\"><!-- [et_pb_line_break_holder] -->        <i class=\"fi fi-rr-marker\"><\/i><!-- [et_pb_line_break_holder] --> Ubicaci\u00f3n: Terrassa<!-- [et_pb_line_break_holder] -->      <!-- [et_pb_line_break_holder] -->    <\/div>\n<p><!-- [et_pb_line_break_holder] -->    <!-- [et_pb_line_break_holder] -->       <\/p>\n<div class=\"data-card\"><!-- [et_pb_line_break_holder] -->       <i class=\"fi fi-rr-calendar-lines\"><\/i><!-- [et_pb_line_break_holder] --> Publicaci\u00f3n: 07\/05\/2025<!-- [et_pb_line_break_holder] -->    <\/div>\n<p><!-- [et_pb_line_break_holder] -->    <!-- [et_pb_line_break_holder] -->  <\/div>\n<p><!-- [et_pb_line_break_holder] -->  <\/p>\n<div class=\"footer-card\"><!-- [et_pb_line_break_holder] -->    <\/p>\n<div class=\"btn-card\"><!-- [et_pb_line_break_holder] -->      <a href=\"https:\/\/cecot.org\/oferta\/consultor-formacio-070525f\/\">M\u00c1S INFORMACI\u00d3N<\/a><!-- [et_pb_line_break_holder] -->    <\/div>\n<p><!-- [et_pb_line_break_holder] -->  <\/div>\n<p><!-- [et_pb_line_break_holder] -->  <!-- [et_pb_line_break_holder] --><\/div>\n<p><!-- [et_pb_line_break_holder] --><!-- [et_pb_line_break_holder] --><!-- [et_pb_line_break_holder] -->[\/et_pb_code][\/et_pb_column][\/et_pb_row][\/et_pb_section][et_pb_section fb_built=&#8221;1&#8243; admin_label=&#8221;Section&#8221; module_id=&#8221;trabaja con nosotros&#8221; _builder_version=&#8221;4.27.4&#8243; _module_preset=&#8221;default&#8221; background_enable_color=&#8221;off&#8221; da_popup_slug=&#8221;treballa-amb-nosaltres&#8221; da_disable_devices=&#8221;off|off|off&#8221; locked=&#8221;off&#8221; global_colors_info=&#8221;{%22gcid-d036505a-aba9-4d6b-bf63-64602c2b1939%22:%91%22background_color%22%93}&#8221; da_is_popup=&#8221;off&#8221; da_exit_intent=&#8221;off&#8221; da_has_close=&#8221;on&#8221; da_alt_close=&#8221;off&#8221; da_dark_close=&#8221;off&#8221; da_not_modal=&#8221;on&#8221; da_is_singular=&#8221;off&#8221; da_with_loader=&#8221;off&#8221; da_has_shadow=&#8221;on&#8221;][et_pb_row _builder_version=&#8221;4.27.4&#8243; _module_preset=&#8221;default&#8221; custom_padding=&#8221;0px|||||&#8221; global_colors_info=&#8221;{}&#8221;][et_pb_column type=&#8221;4_4&#8243; _builder_version=&#8221;4.27.4&#8243; _module_preset=&#8221;default&#8221; global_colors_info=&#8221;{}&#8221;][et_pb_text _builder_version=&#8221;4.27.4&#8243; _module_preset=&#8221;default&#8221; text_font_size=&#8221;20px&#8221; text_line_height=&#8221;1.4em&#8221; header_text_align=&#8221;center&#8221; header_2_text_align=&#8221;center&#8221; text_orientation=&#8221;center&#8221; global_colors_info=&#8221;{}&#8221;]<\/p>\n<h2>\u00a1\u00danete a nuestro equipo!<\/h2>\n<p>Siempre estamos buscando a personas con talento y ganas de aportar valor. Si quieres formar parte de la Cecot, env\u00edanos tu curr\u00edculum. <\/p>\n<p>[\/et_pb_text][\/et_pb_column][\/et_pb_row][et_pb_row _builder_version=&#8221;4.27.4&#8243; _module_preset=&#8221;default&#8221; width_tablet=&#8221;100%&#8221; width_phone=&#8221;100%&#8221; width_last_edited=&#8221;on|tablet&#8221; max_width=&#8221;1080px&#8221; custom_padding=&#8221;6px||0px|||&#8221; box_shadow_style=&#8221;preset1&#8243; box_shadow_color=&#8221;rgba(0,0,0,0.15)&#8221; global_colors_info=&#8221;{}&#8221;][et_pb_column type=&#8221;4_4&#8243; _builder_version=&#8221;4.27.4&#8243; _module_preset=&#8221;default&#8221; background_color=&#8221;#ffffff&#8221; custom_padding=&#8221;24px|25px|24px|25px|true|true&#8221; global_colors_info=&#8221;{}&#8221;][et_pb_code _builder_version=&#8221;4.27.4&#8243; _module_preset=&#8221;default&#8221; custom_margin=&#8221;0px||0px||true|false&#8221; custom_padding=&#8221;0px||0px||true|false&#8221; global_colors_info=&#8221;{}&#8221;]    <iframe src=\"https:\/\/cecot.org\/formularis\/cv.html\" scrolling=\"yes\" onload=\"resizeIframe(this)\"><\/iframe><!-- [et_pb_line_break_holder] -->    <script><!-- [et_pb_line_break_holder] -->        function resizeIframe(iframe) {<!-- [et_pb_line_break_holder] -->            iframe.style.height = iframe.contentWindow.document.body.scrollHeight + 'px';<!-- [et_pb_line_break_holder] -->        }<!-- [et_pb_line_break_holder] -->    <\/script><!-- [et_pb_line_break_holder] -->    <\/p>\n<style><!-- [et_pb_line_break_holder] -->        iframe {<!-- [et_pb_line_break_holder] -->            width: 100%;<!-- [et_pb_line_break_holder] -->          height: 1010px;<!-- [et_pb_line_break_holder] -->            border: none;<!-- [et_pb_line_break_holder] -->        }<!-- [et_pb_line_break_holder] -->      @media (min-width: 320px) {<!-- [et_pb_line_break_holder] -->        iframe {<!-- [et_pb_line_break_holder] -->          height: 860px;<!-- [et_pb_line_break_holder] -->        }<!-- [et_pb_line_break_holder] -->      }<!-- [et_pb_line_break_holder] -->      <!-- [et_pb_line_break_holder] -->        @media (min-width: 738px) {<!-- [et_pb_line_break_holder] -->        iframe {<!-- [et_pb_line_break_holder] -->          height: 755px;<!-- [et_pb_line_break_holder] -->        }<!-- [et_pb_line_break_holder] -->      }<!-- [et_pb_line_break_holder] -->      <!-- [et_pb_line_break_holder] -->        @media (min-width: 1024px) {<!-- [et_pb_line_break_holder] -->        iframe {<!-- [et_pb_line_break_holder] -->          height:600px;<!-- [et_pb_line_break_holder] -->        }<!-- [et_pb_line_break_holder] -->      }<!-- [et_pb_line_break_holder] -->      <!-- [et_pb_line_break_holder] -->    <\/style>\n<p>[\/et_pb_code][\/et_pb_column][\/et_pb_row][\/et_pb_section]<\/p>\n","protected":false},"excerpt":{"rendered":"<p>Trabaja con nosotros\u00bfTe gustar\u00eda trabajar a la Cecot? Env\u00edanos tus datos, el curr\u00edculum y la carta de presentaci\u00f3n. Lo tendremos en cuenta para los futuros procesos de selecci\u00f3n Ofertas en curso\u00a1\u00danete a nuestro equipo! Siempre estamos buscando a personas con talento y ganas de aportar valor. Si quieres formar parte de la Cecot, env\u00edanos tu [&hellip;]<\/p>\n","protected":false},"author":1,"featured_media":360529,"parent":0,"menu_order":0,"comment_status":"closed","ping_status":"closed","template":"","meta":{"_seopress_robots_primary_cat":"","_seopress_titles_title":"","_seopress_titles_desc":"\u00a1\u00danete al equipo de Cecot! Env\u00edanos tu curr\u00edculum y carta de presentaci\u00f3n para futuros procesos de selecci\u00f3n. ","_seopress_robots_index":"","_et_pb_use_builder":"on","_et_pb_old_content":"","_et_gb_content_width":"","footnotes":""},"categoria":[],"class_list":["post-349384","page","type-page","status-publish","has-post-thumbnail","hentry"],"_links":{"self":[{"href":"https:\/\/cecot.org\/es\/wp-json\/wp\/v2\/pages\/349384","targetHints":{"allow":["GET"]}}],"collection":[{"href":"https:\/\/cecot.org\/es\/wp-json\/wp\/v2\/pages"}],"about":[{"href":"https:\/\/cecot.org\/es\/wp-json\/wp\/v2\/types\/page"}],"author":[{"embeddable":true,"href":"https:\/\/cecot.org\/es\/wp-json\/wp\/v2\/users\/1"}],"replies":[{"embeddable":true,"href":"https:\/\/cecot.org\/es\/wp-json\/wp\/v2\/comments?post=349384"}],"version-history":[{"count":25,"href":"https:\/\/cecot.org\/es\/wp-json\/wp\/v2\/pages\/349384\/revisions"}],"predecessor-version":[{"id":373110,"href":"https:\/\/cecot.org\/es\/wp-json\/wp\/v2\/pages\/349384\/revisions\/373110"}],"wp:featuredmedia":[{"embeddable":true,"href":"https:\/\/cecot.org\/es\/wp-json\/wp\/v2\/media\/360529"}],"wp:attachment":[{"href":"https:\/\/cecot.org\/es\/wp-json\/wp\/v2\/media?parent=349384"}],"wp:term":[{"taxonomy":"categoria","embeddable":true,"href":"https:\/\/cecot.org\/es\/wp-json\/wp\/v2\/categoria?post=349384"}],"curies":[{"name":"wp","href":"https:\/\/api.w.org\/{rel}","templated":true}]}}