{"id":343520,"date":"2024-09-25T10:54:34","date_gmt":"2024-09-25T08:54:34","guid":{"rendered":"https:\/\/provacecot.org\/portal-de-transparencia\/"},"modified":"2024-09-25T10:54:35","modified_gmt":"2024-09-25T08:54:35","slug":"portal-de-transparencia","status":"publish","type":"page","link":"https:\/\/cecot.org\/es\/portal-de-transparencia\/","title":{"rendered":"Portal de Transparencia"},"content":{"rendered":"<p>[et_pb_section fb_built=&#8221;1&#8243; custom_padding_last_edited=&#8221;on|tablet&#8221; admin_label=&#8221;Section&#8221; _builder_version=&#8221;4.27.0&#8243; _module_preset=&#8221;default&#8221; use_background_color_gradient=&#8221;on&#8221; background_color_gradient_direction=&#8221;90deg&#8221; background_color_gradient_stops=&#8221;rgba(61,61,61,0.65) 0%|rgba(0,185,233,0.55) 97%&#8221; background_color_gradient_overlays_image=&#8221;on&#8221; background_image=&#8221;https:\/\/provacecot.org\/wp-content\/uploads\/2023\/12\/banner-coneix-cecot.png&#8221; custom_margin=&#8221;||||false|false&#8221; custom_margin_tablet=&#8221;||||false|false&#8221; custom_margin_phone=&#8221;||||false|false&#8221; custom_margin_last_edited=&#8221;on|tablet&#8221; custom_padding=&#8221;88px||88px||true|false&#8221; custom_padding_tablet=&#8221;||||false|false&#8221; custom_padding_phone=&#8221;||||false|false&#8221; da_disable_devices=&#8221;off|off|off&#8221; locked=&#8221;off&#8221; global_colors_info=&#8221;{}&#8221; da_is_popup=&#8221;off&#8221; da_exit_intent=&#8221;off&#8221; da_has_close=&#8221;on&#8221; da_alt_close=&#8221;off&#8221; da_dark_close=&#8221;off&#8221; da_not_modal=&#8221;on&#8221; da_is_singular=&#8221;off&#8221; da_with_loader=&#8221;off&#8221; da_has_shadow=&#8221;on&#8221;][et_pb_row _builder_version=&#8221;4.27.0&#8243; _module_preset=&#8221;default&#8221; custom_margin=&#8221;||||true|false&#8221; custom_margin_tablet=&#8221;0px||0px||false|false&#8221; custom_margin_phone=&#8221;||||false|false&#8221; custom_margin_last_edited=&#8221;on|tablet&#8221; custom_padding=&#8221;||||true|false&#8221; global_colors_info=&#8221;{}&#8221;][et_pb_column type=&#8221;4_4&#8243; _builder_version=&#8221;4.22.1&#8243; _module_preset=&#8221;default&#8221; global_colors_info=&#8221;{}&#8221;][et_pb_text content_tablet=&#8221;<\/p>\n<h1>\u00bfTienes esp\u00edritu emprendedor y quieres tener<br \/><span id=%22titular-compliance%22>tu propia empresa?<\/span> Est\u00e1s al lugar indicado<\/h1>\n<p>&#8221; content_phone=&#8221;<\/p>\n<h1>\u00bfTienes esp\u00edritu emprendedor y quieres tener<\/h1>\n<h1><span id=%22titular-compliance%22>tu propia <\/span><\/h1>\n<h1><span id=%22titular-compliance%22>empresa?<\/span><\/h1>\n<h1>Est\u00e1s al lugar indicado<\/h1>\n<p>&#8221; content_last_edited=&#8221;off|desktop&#8221; _builder_version=&#8221;4.27.0&#8243; _module_preset=&#8221;default&#8221; text_text_color=&#8221;#FFFFFF&#8221; header_text_color=&#8221;#FFFFFF&#8221; header_font_size=&#8221;48px&#8221; header_line_height=&#8221;1.4em&#8221; header_2_font=&#8221;Assistant|500|||||||&#8221; header_2_text_color=&#8221;#ffffff&#8221; header_2_font_size=&#8221;25px&#8221; header_2_line_height=&#8221;1.4em&#8221; header_3_text_color=&#8221;#FFFFFF&#8221; header_3_font_size=&#8221;25px&#8221; custom_margin=&#8221;5px||0px||false|false&#8221; header_font_size_tablet=&#8221;48px&#8221; header_font_size_phone=&#8221;42px&#8221; header_font_size_last_edited=&#8221;on|tablet&#8221; global_colors_info=&#8221;{}&#8221;]<\/p>\n<h1>Portal de Transparencia<\/h1>\n<p>[\/et_pb_text][\/et_pb_column][\/et_pb_row][\/et_pb_section][et_pb_section fb_built=&#8221;1&#8243; _builder_version=&#8221;4.22.1&#8243; _module_preset=&#8221;default&#8221; da_disable_devices=&#8221;off|off|off&#8221; global_colors_info=&#8221;{}&#8221; da_is_popup=&#8221;off&#8221; da_exit_intent=&#8221;off&#8221; da_has_close=&#8221;on&#8221; da_alt_close=&#8221;off&#8221; da_dark_close=&#8221;off&#8221; da_not_modal=&#8221;on&#8221; da_is_singular=&#8221;off&#8221; da_with_loader=&#8221;off&#8221; da_has_shadow=&#8221;on&#8221;][et_pb_row _builder_version=&#8221;4.27.0&#8243; _module_preset=&#8221;default&#8221; max_width=&#8221;1200px&#8221; custom_padding=&#8221;1px|||||&#8221; global_colors_info=&#8221;{}&#8221;][et_pb_column type=&#8221;4_4&#8243; _builder_version=&#8221;4.22.1&#8243; _module_preset=&#8221;default&#8221; global_colors_info=&#8221;{}&#8221;][et_pb_text _builder_version=&#8221;4.27.0&#8243; _module_preset=&#8221;default&#8221; global_colors_info=&#8221;{}&#8221;]<\/p>\n<p>Cecot, consciente de su papel como agente social y entidad colaboradora con determinados servicios p\u00fablicos del pa\u00eds, pone a disposici\u00f3n de sus asociados y de la sociedad informaci\u00f3n relevante sobre su actividad y funcionamiento a trav\u00e9s de este Portal de Transparencia.<\/p>\n<p><strong>Marco legal:<\/strong> Ley de transparencia, acceso a la informaci\u00f3n p\u00fablica y buen gobierno<a href=\"https:\/\/www.boe.es\/buscar\/act.php?id=BOE-A-2013-12887&amp;lang=ca\"> (Ley 19\/2013, de 9 de diciembre, del Gobierno de Espa\u00f1a)<\/a> y Ley de transparencia, acceso a la informaci\u00f3n p\u00fablica y buen gobierno (<a href=\"https:\/\/portaljuridic.gencat.cat\/ca\/document-del-pjur\/?documentId=680124\">Ley 19\/2014 , de 29 de diciembre, de la Generalidad de Catalu\u00f1a<\/a>).<\/p>\n<p>[\/et_pb_text][\/et_pb_column][\/et_pb_row][et_pb_row column_structure=&#8221;3_4,1_4&#8243; _builder_version=&#8221;4.27.0&#8243; _module_preset=&#8221;default&#8221; max_width=&#8221;1200px&#8221; hover_enabled=&#8221;0&#8243; global_colors_info=&#8221;{}&#8221; sticky_enabled=&#8221;0&#8243; custom_padding=&#8221;0px|||||&#8221;][et_pb_column type=&#8221;3_4&#8243; _builder_version=&#8221;4.27.0&#8243; _module_preset=&#8221;default&#8221; global_colors_info=&#8221;{}&#8221;][et_pb_text _builder_version=&#8221;4.27.0&#8243; _module_preset=&#8221;default&#8221; link_font=&#8221;||||on||||&#8221; link_text_color=&#8221;gcid-c029784f-721e-4acd-98b3-b2001c6c320b&#8221; header_3_font_size=&#8221;19px&#8221; header_3_line_height=&#8221;1.3em&#8221; custom_padding=&#8221;||25px||false|false&#8221; hover_enabled=&#8221;0&#8243; border_width_bottom=&#8221;1px&#8221; border_color_bottom=&#8221;#b9b9b9&#8243; global_colors_info=&#8221;{%22gcid-c029784f-721e-4acd-98b3-b2001c6c320b%22:%91%22link_text_color%22%93}&#8221; module_id=&#8221;normativa&#8221; sticky_enabled=&#8221;0&#8243;]<\/p>\n<h3>Normativa de aplicaci\u00f3n:<\/h3>\n<p><a href=\"https:\/\/institucional.cecot.org\/content\/download\/8892\/82056\/version\/1\/file\/Ley%2019-1977%2C%20de%201%20de%20abril%2C%20sobre%20regulaci%C3%B3n%20del%20derecho%20de%20asociaci%C3%B3n%20sindical.pdf\"><a href=\"https:\/\/institucional.cecot.org\/content\/download\/8892\/82056\/version\/1\/file\/Ley%2019-1977%2C%20de%201%20de%20abril%2C%20sobre%20regulaci%C3%B3n%20del%20derecho%20de%20asociaci%C3%B3n%20sindical.pdf\">Ley 19-1977, de 1 de abril, sobre regulaci\u00f3n del derecho de asociaci\u00f3n sindical<\/a><\/a><\/p>\n<p><a href=\"https:\/\/institucional.cecot.org\/content\/download\/8893\/82061\/version\/1\/file\/Llei%2019-2014%2C%20del%2029%20de%20desembre%2C%20de%20transpar%C3%A8ncia%2C%20acc%C3%A9s%20a%20la%20informaci%C3%B3%20p%C3%BAblica%20i%20bon%20govern.pdf\"><a href=\"https:\/\/institucional.cecot.org\/content\/download\/8893\/82061\/version\/1\/file\/Llei%2019-2014%2C%20del%2029%20de%20desembre%2C%20de%20transpar%C3%A8ncia%2C%20acc%C3%A9s%20a%20la%20informaci%C3%B3%20p%C3%BAblica%20i%20bon%20govern.pdf\">Llei 19-2014, del 29 de desembre, de transpar\u00e8ncia, acc\u00e9s a la informaci\u00f3 p\u00fablica i bon govern<\/a><\/a><\/p>\n<p><a href=\"https:\/\/institucional.cecot.org\/content\/download\/8894\/82066\/version\/1\/file\/RD%20259-2008%2C%20de%2023%20de%20desembre%2C%20pel%20qual%20saprova%20el%20Pla%20de%20comptabilitat%20de%20les%20fundacions%20i%20les%20associacions%20subjectes%20a%20la%20legislaci%C3%B3%20de%20la%20Generalitat%20de%20Catalunya-1-130.pdf\"><a href=\"https:\/\/institucional.cecot.org\/content\/download\/8894\/82066\/version\/1\/file\/RD%20259-2008%2C%20de%2023%20de%20desembre%2C%20pel%20qual%20saprova%20el%20Pla%20de%20comptabilitat%20de%20les%20fundacions%20i%20les%20associacions%20subjectes%20a%20la%20legislaci%C3%B3%20de%20la%20Generalitat%20de%20Catalunya-1-130.pdf\">RD 259-2008, de 23 de desembre, pel qual saprova el Pla de comptabilitat de les fundacions i les associacions subjectes a la legislaci\u00f3 de la Gener&#8230;<\/a><\/a><\/p>\n<p><a href=\"https:\/\/institucional.cecot.org\/content\/download\/8897\/82095\/version\/1\/file\/Reial%20decret%20416-2015%2C%20de%2029%20de%20maig%2C%20sobre%20dip%C3%B2sit%20destatuts%20de%20les%20organitzacions%20sindicals%20i%20empresarials.pdf\"><a href=\"https:\/\/institucional.cecot.org\/content\/download\/8897\/82095\/version\/1\/file\/Reial%20decret%20416-2015%2C%20de%2029%20de%20maig%2C%20sobre%20dip%C3%B2sit%20destatuts%20de%20les%20organitzacions%20sindicals%20i%20empresarials.pdf\">Reial decret 416-2015, de 29 de maig, sobre dip\u00f2sit destatuts de les organitzacions sindicals i empresarials<\/a><\/a><\/p>\n<p>[\/et_pb_text][et_pb_text _builder_version=&#8221;4.27.0&#8243; _module_preset=&#8221;default&#8221; link_font=&#8221;||||on||||&#8221; link_text_color=&#8221;#00b9e9&#8243; header_3_font_size=&#8221;19px&#8221; header_3_line_height=&#8221;1.3em&#8221; custom_padding=&#8221;||25px||false|false&#8221; hover_enabled=&#8221;0&#8243; border_width_bottom=&#8221;1px&#8221; border_color_bottom=&#8221;#b9b9b9&#8243; global_colors_info=&#8221;{%22gcid-c029784f-721e-4acd-98b3-b2001c6c320b%22:%91%22link_text_color%22%93}&#8221; module_id=&#8221;registre&#8221; sticky_enabled=&#8221;0&#8243;]<\/p>\n<h3><span>Registro de la entidad:<\/span><\/h3>\n<p><span>N\u00famero de registro: 967900043<br \/>Registro: Departamento de Empresa y Empleo &#8211; Secci\u00f3n Relaciones Laborales<br \/>\u00daltima actualizaci\u00f3n: 21\/12\/2012<\/span><span><\/span><\/p>\n<p>[\/et_pb_text][et_pb_text _builder_version=&#8221;4.27.0&#8243; _module_preset=&#8221;default&#8221; link_font=&#8221;||||on||||&#8221; link_text_color=&#8221;#00b9e9&#8243; header_3_font_size=&#8221;19px&#8221; header_3_line_height=&#8221;1.3em&#8221; custom_padding=&#8221;||25px||false|false&#8221; hover_enabled=&#8221;0&#8243; border_width_bottom=&#8221;1px&#8221; border_color_bottom=&#8221;#b9b9b9&#8243; global_colors_info=&#8221;{%22gcid-c029784f-721e-4acd-98b3-b2001c6c320b%22:%91%22link_text_color%22%93}&#8221; module_id=&#8221;estatuts&#8221; sticky_enabled=&#8221;0&#8243;]<\/p>\n<h3><span>Estatutos:<\/span><\/h3>\n<p><a href=\"https:\/\/provacecot.org\/wp-content\/uploads\/2024\/08\/20221005_estatuts_cecot_signats.pdf\" target=\"_blank\" rel=\"noopener\"><a href=\"https:\/\/provacecot.org\/wp-content\/uploads\/2024\/08\/20221005_estatuts_cecot_signats.pdf\">Descargar estatutos<\/a><\/a><\/p>\n<p>[\/et_pb_text][et_pb_text _builder_version=&#8221;4.27.0&#8243; _module_preset=&#8221;default&#8221; link_font=&#8221;||||on||||&#8221; link_text_color=&#8221;#00b9e9&#8243; header_3_font_size=&#8221;19px&#8221; header_3_line_height=&#8221;1.3em&#8221; custom_padding=&#8221;||25px||false|false&#8221; hover_enabled=&#8221;0&#8243; border_width_bottom=&#8221;1px&#8221; border_color_bottom=&#8221;#b9b9b9&#8243; global_colors_info=&#8221;{%22gcid-c029784f-721e-4acd-98b3-b2001c6c320b%22:%91%22link_text_color%22%93}&#8221; module_id=&#8221;codi-etic&#8221; sticky_enabled=&#8221;0&#8243;]<\/p>\n<h3>C\u00f3digo \u00c9tico:<\/h3>\n<p><a href=\"https:\/\/provacecot.org\/wp-content\/uploads\/2024\/08\/codi-etic-cecot-2024.pdf\" target=\"_blank\" rel=\"noopener\"><a href=\"https:\/\/provacecot.org\/wp-content\/uploads\/2024\/08\/codi-etic-cecot-2024.pdf\">Descargar C\u00f3digo \u00c9tico<\/a><\/a><\/p>\n<p>[\/et_pb_text][et_pb_text _builder_version=&#8221;4.27.0&#8243; _module_preset=&#8221;default&#8221; link_font=&#8221;||||on||||&#8221; link_text_color=&#8221;#00b9e9&#8243; header_3_font_size=&#8221;19px&#8221; header_3_line_height=&#8221;1.3em&#8221; custom_margin=&#8221;||||false|false&#8221; custom_padding=&#8221;||15px||false|false&#8221; hover_enabled=&#8221;0&#8243; border_width_bottom=&#8221;1px&#8221; border_color_bottom=&#8221;#b9b9b9&#8243; global_colors_info=&#8221;{%22gcid-c029784f-721e-4acd-98b3-b2001c6c320b%22:%91%22link_text_color%22%93}&#8221; module_id=&#8221;organs&#8221; sticky_enabled=&#8221;0&#8243;]<\/p>\n<h3><a href=\"https:\/\/provacecot.org\/es\/organos-de-gobierno\/\">\u00d3rganos de gobierno<\/a><\/h3>\n<p>[\/et_pb_text][et_pb_text _builder_version=&#8221;4.27.0&#8243; _module_preset=&#8221;default&#8221; link_font=&#8221;||||on||||&#8221; link_text_color=&#8221;#00b9e9&#8243; header_3_font_size=&#8221;19px&#8221; header_3_line_height=&#8221;1.3em&#8221; custom_padding=&#8221;||15px||false|false&#8221; hover_enabled=&#8221;0&#8243; border_width_bottom=&#8221;1px&#8221; border_color_bottom=&#8221;#b9b9b9&#8243; global_colors_info=&#8221;{%22gcid-c029784f-721e-4acd-98b3-b2001c6c320b%22:%91%22link_text_color%22%93}&#8221; module_id=&#8221;estructura&#8221; sticky_enabled=&#8221;0&#8243;]<\/p>\n<h3><a href=\"https:\/\/provacecot.org\/es\/equipo-cecot\/\"><a href=\"https:\/\/provacecot.org\/es\/equipo-cecot\/\">Estructura organitzativa<\/a><\/a><\/h3>\n<p>[\/et_pb_text][et_pb_text _builder_version=&#8221;4.27.0&#8243; _module_preset=&#8221;default&#8221; link_font=&#8221;||||on||||&#8221; link_text_color=&#8221;#00b9e9&#8243; header_3_font_size=&#8221;19px&#8221; header_3_line_height=&#8221;1.3em&#8221; custom_padding=&#8221;||15px||false|false&#8221; hover_enabled=&#8221;0&#8243; border_width_bottom=&#8221;1px&#8221; border_color_bottom=&#8221;#b9b9b9&#8243; global_colors_info=&#8221;{%22gcid-c029784f-721e-4acd-98b3-b2001c6c320b%22:%91%22link_text_color%22%93}&#8221; module_id=&#8221;seus&#8221; sticky_enabled=&#8221;0&#8243;]<\/p>\n<h3><a href=\"https:\/\/provacecot.org\/es\/conoce-la-cecot\/visita-la-cecot\/\"><a href=\"https:\/\/provacecot.org\/es\/conoce-la-cecot\/visita-la-cecot\/\">Sedes e instalaciones<\/a><\/a><\/h3>\n<p>[\/et_pb_text][et_pb_text _builder_version=&#8221;4.27.0&#8243; _module_preset=&#8221;default&#8221; link_font=&#8221;||||on||||&#8221; link_text_color=&#8221;#00b9e9&#8243; header_3_font_size=&#8221;19px&#8221; header_3_line_height=&#8221;1.3em&#8221; custom_padding=&#8221;||25px||false|false&#8221; hover_enabled=&#8221;0&#8243; border_width_bottom=&#8221;1px&#8221; border_color_bottom=&#8221;#b9b9b9&#8243; global_colors_info=&#8221;{%22gcid-c029784f-721e-4acd-98b3-b2001c6c320b%22:%91%22link_text_color%22%93}&#8221; module_id=&#8221;memoria&#8221; sticky_enabled=&#8221;0&#8243;]<\/p>\n<h3>Memoria de actividades:<\/h3>\n<p><a href=\"https:\/\/cecot.org\/transparencia\/MEMORIA-CECOT-2023.pdf\" target=\"_blank\" title=\"Memoria 2022\" rel=\"noopener\"><a href=\"https:\/\/cecot.org\/transparencia\/MEMORIA-CECOT-2023.pdf\">Memoria actividades 2023<\/a><\/a><\/p>\n<p><a href=\"https:\/\/cecot.org\/transparencia\/Memoria_Cecot_2022.pdf\" target=\"_blank\" title=\"Memoria 2022\" rel=\"noopener\"><a href=\"https:\/\/cecot.org\/transparencia\/Memoria_Cecot_2022.pdf\">Memoria d&#8217;activitats 2022<\/a><\/a><\/p>\n<p><a href=\"https:\/\/cecot.org\/transparencia\/memoria_2021.pdf\" target=\"_blank\" rel=\"noopener\"><a href=\"https:\/\/cecot.org\/transparencia\/memoria_2021.pdf\">Memoria de actividades 2021<\/a><\/a><\/p>\n<p><a href=\"https:\/\/cecot.org\/transparencia\/MEMORIA_2020_CECOT.pdf\" target=\"_blank\" rel=\"noopener\"><a href=\"https:\/\/cecot.org\/transparencia\/MEMORIA_2020_CECOT.pdf\">Memoria actividades 2020<\/a><\/a><\/p>\n<p><a href=\"https:\/\/cecot.org\/transparencia\/memoria_2019_final.pdf\" target=\"_blank\" rel=\"noopener\"><a href=\"https:\/\/cecot.org\/transparencia\/memoria_2019_final.pdf\">Memoria actividades 2019<\/a><\/a><\/p>\n<p>[\/et_pb_text][et_pb_text _builder_version=&#8221;4.27.0&#8243; _module_preset=&#8221;default&#8221; link_font=&#8221;||||on||||&#8221; link_text_color=&#8221;#00b9e9&#8243; header_3_font_size=&#8221;19px&#8221; header_3_line_height=&#8221;1.3em&#8221; custom_padding=&#8221;||25px||false|false&#8221; hover_enabled=&#8221;0&#8243; border_width_bottom=&#8221;1px&#8221; border_color_bottom=&#8221;#b9b9b9&#8243; global_colors_info=&#8221;{%22gcid-c029784f-721e-4acd-98b3-b2001c6c320b%22:%91%22link_text_color%22%93}&#8221; module_id=&#8221;info-economica&#8221; sticky_enabled=&#8221;0&#8243;]<\/p>\n<h3>Informaci\u00f3n econ\u00f3mica:<\/h3>\n<p><span style=\"color: #ff0000;\">(Pendent. S\u2019ha d\u2019actualitzar)<\/span><\/p>\n<p>[\/et_pb_text][et_pb_text _builder_version=&#8221;4.27.0&#8243; _module_preset=&#8221;default&#8221; link_font=&#8221;||||on||||&#8221; link_text_color=&#8221;#00b9e9&#8243; header_3_font_size=&#8221;19px&#8221; header_3_line_height=&#8221;1.3em&#8221; custom_padding=&#8221;||25px||false|false&#8221; hover_enabled=&#8221;0&#8243; border_width_bottom=&#8221;1px&#8221; border_color_bottom=&#8221;#b9b9b9&#8243; global_colors_info=&#8221;{%22gcid-c029784f-721e-4acd-98b3-b2001c6c320b%22:%91%22link_text_color%22%93}&#8221; sticky_enabled=&#8221;0&#8243; module_id=&#8221;entitats&#8221;]<\/p>\n<h3>Entidades vinculadas:<\/h3>\n<p><a href=\"https:\/\/www.fci.cat\/\">Fundaci\u00f3 Cecot Innovaci\u00f3<\/a><br \/><a href=\"#\">Fundaci\u00f3 Cecot Formaci\u00f3<\/a><br \/><a href=\"#\">Fundaci\u00f3 Cecot Persona i Treball<\/a><\/p>\n<p>[\/et_pb_text][et_pb_text _builder_version=&#8221;4.27.0&#8243; _module_preset=&#8221;default&#8221; link_font=&#8221;||||on||||&#8221; link_text_color=&#8221;#00b9e9&#8243; header_3_font_size=&#8221;19px&#8221; header_3_line_height=&#8221;1.3em&#8221; custom_padding=&#8221;||25px||false|false&#8221; hover_enabled=&#8221;0&#8243; border_width_bottom=&#8221;1px&#8221; border_color_bottom=&#8221;#b9b9b9&#8243; global_colors_info=&#8221;{%22gcid-c029784f-721e-4acd-98b3-b2001c6c320b%22:%91%22link_text_color%22%93}&#8221; module_id=&#8221;acces&#8221; sticky_enabled=&#8221;0&#8243;]<\/p>\n<h3>Solicitud de acceso<\/h3>\n<p>La Ley de Transparencia permite a los ciudadanos ejercer el derecho de acceso a la informaci\u00f3n p\u00fablica, en aquellos \u00e1mbitos que no est\u00e9n cubiertos por la parte de publicidad activa contenida en este portal.<\/p>\n<p>Tiene a su disposici\u00f3n la posibilidad de ejercer este derecho, dentro de los l\u00edmites previstos legalmente, mediante los formularios definidos por la administraci\u00f3n en <a href=\"http:\/\/transparencia.gencat.cat\/ca\/acces-a-la-informacio-publica\/\">http:\/\/transparencia.gencat.cat\/ca\/acces-a-la-informacio-publica\/<\/a><\/p>\n<p>[\/et_pb_text][\/et_pb_column][et_pb_column type=&#8221;1_4&#8243; _builder_version=&#8221;4.27.0&#8243; _module_preset=&#8221;default&#8221; hover_enabled=&#8221;0&#8243; global_colors_info=&#8221;{}&#8221; sticky_position=&#8221;top&#8221; sticky_offset_top=&#8221;25px&#8221; sticky_limit_bottom=&#8221;row&#8221; sticky_enabled=&#8221;0&#8243; disabled_on=&#8221;on|on|on&#8221; disabled=&#8221;on&#8221;][et_pb_text _builder_version=&#8221;4.27.0&#8243; _module_preset=&#8221;default&#8221; hover_enabled=&#8221;0&#8243; global_colors_info=&#8221;{%22gcid-d036505a-aba9-4d6b-bf63-64602c2b1939%22:%91%22background_color%22%93}&#8221; ul_type=&#8221;none&#8221; ul_font_size=&#8221;16px&#8221; ul_line_height=&#8221;1.3em&#8221; sticky_enabled=&#8221;0&#8243; background_color=&#8221;gcid-d036505a-aba9-4d6b-bf63-64602c2b1939&#8243; custom_padding=&#8221;20px|20px|5px|20px|false|true&#8221; custom_margin=&#8221;||0px||false|false&#8221; link_text_color=&#8221;#3D3D3D&#8221; link_font=&#8221;||||||||&#8221; header_4_font_size=&#8221;15px&#8221; header_4_font=&#8221;&#8211;et_global_body_font|500|||||||&#8221; header_4_text_color=&#8221;#8F8F8F&#8221; ul_item_indent=&#8221;1px&#8221; custom_css_free_form=&#8221;.llista-continguts-transparencia li {||  ||  border-bottom: 1px solid #b9b9b9;||    padding: 7px 0;||  ||}||||.llista-continguts-transparencia li a:hover {||  text-decoration: underline;||}||||&#8221;]<\/p>\n<h4>Contenidos<\/h4>\n<ul class=\"llista-continguts-transparencia\">\n<li><a href=\"#normativa\"><a href=\"#normativa\">Normativa de aplicaci\u00f3n<\/a><\/a><\/li>\n<li><a href=\"#registre\"><a href=\"#registre\">Registro de la entidad<\/a><\/a><\/li>\n<li><a href=\"#estatuts\"><a href=\"#estatuts\">Estatutos<\/a><\/a><\/li>\n<li><a href=\"#codi-etic\"><a href=\"#codi-etic\">C\u00f3digo \u00c9tico<\/a><\/a><\/li>\n<li><a href=\"#organs\">\u00d3rganos de gobierno<\/a><\/li>\n<li><a href=\"estructura\">Estructura organizativa<\/a><\/li>\n<li><a href=\"#seus\"><a href=\"#seus\">Sedes e instalaciones<\/a><\/a><\/li>\n<li><a href=\"#memoria\"><a href=\"#memoria\">Memoria de actividades<\/a><\/a><\/li>\n<li><a href=\"#info-economica\"><a href=\"#info-economica\">Informaci\u00f3n econ\u00f3mica<\/a><\/a><\/li>\n<li><a href=\"#entitats\"><a href=\"#entitats\">Entidades vinculadas<\/a><\/a><\/li>\n<li><a href=\"#acces\"><a href=\"#acces\">Solicitud de acceso<\/a><\/a><\/li>\n<\/ul>\n<p>[\/et_pb_text][\/et_pb_column][\/et_pb_row][\/et_pb_section]<\/p>\n","protected":false},"excerpt":{"rendered":"<p>Portal de TransparenciaCecot, consciente de su papel como agente social y entidad colaboradora con determinados servicios p\u00fablicos del pa\u00eds, pone a disposici\u00f3n de sus asociados y de la sociedad informaci\u00f3n relevante sobre su actividad y funcionamiento a trav\u00e9s de este Portal de Transparencia. Marco legal: Ley de transparencia, acceso a la informaci\u00f3n p\u00fablica y buen [&hellip;]<\/p>\n","protected":false},"author":4,"featured_media":0,"parent":0,"menu_order":0,"comment_status":"closed","ping_status":"closed","template":"","meta":{"_seopress_robots_primary_cat":"","_seopress_titles_title":"","_seopress_titles_desc":"","_seopress_robots_index":"","_et_pb_use_builder":"on","_et_pb_old_content":"","_et_gb_content_width":"","footnotes":""},"categoria":[],"class_list":["post-343520","page","type-page","status-publish","hentry"],"_links":{"self":[{"href":"https:\/\/cecot.org\/es\/wp-json\/wp\/v2\/pages\/343520","targetHints":{"allow":["GET"]}}],"collection":[{"href":"https:\/\/cecot.org\/es\/wp-json\/wp\/v2\/pages"}],"about":[{"href":"https:\/\/cecot.org\/es\/wp-json\/wp\/v2\/types\/page"}],"author":[{"embeddable":true,"href":"https:\/\/cecot.org\/es\/wp-json\/wp\/v2\/users\/4"}],"replies":[{"embeddable":true,"href":"https:\/\/cecot.org\/es\/wp-json\/wp\/v2\/comments?post=343520"}],"version-history":[{"count":2,"href":"https:\/\/cecot.org\/es\/wp-json\/wp\/v2\/pages\/343520\/revisions"}],"predecessor-version":[{"id":343522,"href":"https:\/\/cecot.org\/es\/wp-json\/wp\/v2\/pages\/343520\/revisions\/343522"}],"wp:attachment":[{"href":"https:\/\/cecot.org\/es\/wp-json\/wp\/v2\/media?parent=343520"}],"wp:term":[{"taxonomy":"categoria","embeddable":true,"href":"https:\/\/cecot.org\/es\/wp-json\/wp\/v2\/categoria?post=343520"}],"curies":[{"name":"wp","href":"https:\/\/api.w.org\/{rel}","templated":true}]}}