{"id":343372,"date":"2024-09-24T13:32:11","date_gmt":"2024-09-24T11:32:11","guid":{"rendered":"https:\/\/provacecot.org\/notas-de-prensa\/"},"modified":"2025-07-16T08:34:34","modified_gmt":"2025-07-16T06:34:34","slug":"notas-de-prensa","status":"publish","type":"page","link":"https:\/\/cecot.org\/es\/notas-de-prensa\/","title":{"rendered":"Notas de Prensa"},"content":{"rendered":"<p>[et_pb_section fb_built=&#8221;1&#8243; custom_padding_last_edited=&#8221;on|tablet&#8221; admin_label=&#8221;Section&#8221; _builder_version=&#8221;4.24.2&#8243; _module_preset=&#8221;default&#8221; use_background_color_gradient=&#8221;on&#8221; background_color_gradient_direction=&#8221;90deg&#8221; background_color_gradient_stops=&#8221;rgba(0,185,233,0.75) 0%|rgba(0,185,233,0.51) 100%&#8221; background_color_gradient_overlays_image=&#8221;on&#8221; background_image=&#8221;https:\/\/provacecot.org\/wp-content\/uploads\/2024\/04\/0000_banner-sala-premsa2.png&#8221; custom_margin=&#8221;||||false|false&#8221; custom_margin_tablet=&#8221;||||false|false&#8221; custom_margin_phone=&#8221;||||false|false&#8221; custom_margin_last_edited=&#8221;on|tablet&#8221; custom_padding=&#8221;77px||77px||true|false&#8221; custom_padding_tablet=&#8221;||||false|false&#8221; custom_padding_phone=&#8221;50px||80px||false|false&#8221; use_background_color_gradient_phone=&#8221;on&#8221; background_color_gradient_stops_phone=&#8221;gcid-45b78747-0a37-4f88-a13f-3420a81ed344 0%|rgba(216,86,21,0.84) 100%&#8221; background_position_phone=&#8221;center_left&#8221; background_horizontal_offset_phone=&#8221;63%&#8221; da_disable_devices=&#8221;off|off|off&#8221; global_colors_info=&#8221;{}&#8221; da_is_popup=&#8221;off&#8221; da_exit_intent=&#8221;off&#8221; da_has_close=&#8221;on&#8221; da_alt_close=&#8221;off&#8221; da_dark_close=&#8221;off&#8221; da_not_modal=&#8221;on&#8221; da_is_singular=&#8221;off&#8221; da_with_loader=&#8221;off&#8221; da_has_shadow=&#8221;on&#8221;][et_pb_row _builder_version=&#8221;4.22.1&#8243; _module_preset=&#8221;default&#8221; custom_margin=&#8221;||||true|false&#8221; custom_margin_tablet=&#8221;0px||0px||false|false&#8221; custom_margin_phone=&#8221;||||false|false&#8221; custom_margin_last_edited=&#8221;on|tablet&#8221; custom_padding=&#8221;||||true|false&#8221; global_colors_info=&#8221;{}&#8221;][et_pb_column type=&#8221;4_4&#8243; _builder_version=&#8221;4.22.1&#8243; _module_preset=&#8221;default&#8221; global_colors_info=&#8221;{}&#8221;][et_pb_text _builder_version=&#8221;4.24.2&#8243; _module_preset=&#8221;default&#8221; text_text_color=&#8221;#FFFFFF&#8221; header_text_color=&#8221;#FFFFFF&#8221; header_font_size=&#8221;48px&#8221; header_line_height=&#8221;1.4em&#8221; header_2_font=&#8221;Assistant|500|||||||&#8221; header_2_text_color=&#8221;#ffffff&#8221; header_2_font_size=&#8221;25px&#8221; header_2_line_height=&#8221;1.4em&#8221; header_3_text_color=&#8221;#FFFFFF&#8221; header_3_font_size=&#8221;25px&#8221; positioning=&#8221;relative&#8221; z_index=&#8221;2&#8243; custom_margin=&#8221;5px||0px||false|false&#8221; header_font_size_tablet=&#8221;48px&#8221; header_font_size_phone=&#8221;42px&#8221; header_font_size_last_edited=&#8221;on|tablet&#8221; global_colors_info=&#8221;{}&#8221;]<\/p>\n<h1>Notas de Prensa<\/h1>\n<p>[\/et_pb_text][et_pb_text _builder_version=&#8221;4.24.2&#8243; _module_preset=&#8221;default&#8221; text_text_color=&#8221;#FFFFFF&#8221; header_text_color=&#8221;#FFFFFF&#8221; header_2_font=&#8221;Assistant|500|||||||&#8221; header_2_text_color=&#8221;#ffffff&#8221; header_2_font_size=&#8221;25px&#8221; header_2_line_height=&#8221;1.4em&#8221; header_3_text_color=&#8221;#FFFFFF&#8221; header_3_font_size=&#8221;25px&#8221; positioning=&#8221;relative&#8221; z_index=&#8221;2&#8243; global_colors_info=&#8221;{}&#8221;]<\/p>\n<h2>Cecot pone a tu disposici\u00f3n todos los comunicados de prensa que realizamos.<\/h2>\n<p>[\/et_pb_text][\/et_pb_column][\/et_pb_row][\/et_pb_section][et_pb_section fb_built=&#8221;1&#8243; _builder_version=&#8221;4.24.2&#8243; _module_preset=&#8221;default&#8221; background_enable_color=&#8221;off&#8221; custom_padding=&#8221;0px||0px|||&#8221; da_disable_devices=&#8221;off|off|off&#8221; global_colors_info=&#8221;{%22gcid-19cc8b50-e2cd-4261-9821-2334e68c8c13%22:%91%22background_color%22%93}&#8221; da_is_popup=&#8221;off&#8221; da_exit_intent=&#8221;off&#8221; da_has_close=&#8221;on&#8221; da_alt_close=&#8221;off&#8221; da_dark_close=&#8221;off&#8221; da_not_modal=&#8221;on&#8221; da_is_singular=&#8221;off&#8221; da_with_loader=&#8221;off&#8221; da_has_shadow=&#8221;on&#8221;][et_pb_row _builder_version=&#8221;4.24.2&#8243; _module_preset=&#8221;default&#8221; width=&#8221;90%&#8221; custom_padding=&#8221;50px||||false|false&#8221; global_colors_info=&#8221;{}&#8221;][et_pb_column type=&#8221;4_4&#8243; _builder_version=&#8221;4.24.2&#8243; _module_preset=&#8221;default&#8221; global_colors_info=&#8221;{}&#8221;][et_pb_text module_class=&#8221;notes-premsa-filtre&#8221; _builder_version=&#8221;4.24.2&#8243; _module_preset=&#8221;default&#8221; global_colors_info=&#8221;{}&#8221;]<\/p>\n\n\n<style id=\"filter-grids-custom-css-1\">\/* Tarjeta del grid *\/\r\narticle.ymc-post-layout1.post-item{\r\n  display:flex !important;\r\n  flex-direction:column !important;\r\n}\r\n\r\n\/* Orden: imagen \u2192 fecha \u2192 t\u00edtulo \u2192 texto *\/\r\narticle.ymc-post-layout1.post-item .media { order:1; }\r\narticle.ymc-post-layout1.post-item .date  { order:2; }\r\narticle.ymc-post-layout1.post-item .title { order:3; }\r\narticle.ymc-post-layout1.post-item .desc,\r\narticle.ymc-post-layout1.post-item .excerpt { order:4; }\r\n\r\narticle.ymc-post-layout1.post-item .date { margin:.5rem 0; }<\/style><style id=\"filter-inline-css-1\">#ymc-smart-filter-container-1 .filter-layout3 .filter-entry, #ymc-extra-filter-1 .filter-layout3 .filter-entry { font-family:OpenSans}<\/style><div id=\"ymc-smart-filter-container-1\" \r\n\t\t\t\t  class=\"ymc-smart-filter-container ymc-filter-312334 ymc-loaded-filter ymc-filter-layout3 ymc-post-layout1 ymc-pagination-scroll-infinity data-target-ymc312334-1 data-target-ymc1 my-grid\" data-loading=\"true\"\r\n\t\t\t\t  data-params='{\"cpt\":\"premsa\",\"tax\":\"category\",\"terms\":\"\",\"default_terms\":\"\",\"exclude_posts\":\"off\",\"choices_posts\":\"\",\"posts_selected\":\"all\",\"preloader_icon\":\"preloader_1\",\"type_pg\":\"scroll-infinity\",\"per_page\":\"12\",\"page\":\"1\",\"page_scroll\":\"1\",\"preloader_filters\":\"none\",\"preloader_filters_rate\":\"0.5\",\"preloader_filters_custom\":\"\",\"post_animation\":\"\",\"popup_animation\":\"normal\",\"letter\":\"\",\"post_layout\":\"post-layout1\",\"filter_layout\":\"filter-layout3\",\"filter_id\":\"312334\",\"search\":\"\",\"search_filtered_posts\":\"0\",\"carousel_params\":&quot;&quot;,\"filter_date\":\"\",\"sort_order\":\"\",\"sort_orderby\":\"\",\"meta_key\":\"\",\"meta_query\":\"\",\"date_query\":\"\",\"data_target\":\"data-target-ymc1\",\"target_id\":\"1\",\"page_id\":\"0\"}'>\n<div id=\"search-layout\" class=\"search-layout\">\n\n    <form class=\"search-form\">\n\n        <div class=\"form-inner\">\n\n            <div class=\"component-input\">\n                <input id=\"field-search\" class=\"search-form__input field-search\" type=\"text\" name=\"search\" autocomplete=\"off\" value=\"\" placeholder=\"Buscar\">\n                <ul class=\"autocomplete-results results\"><\/ul>\n                <span class=\"clear\"><i class=\"fas fa-times\"><\/i><\/span>\n            <\/div>\n\n            <button class=\"search-form__submit btn-submit\" type=\"submit\">\n                Buscar            <\/button>\n\n        <\/div>\n\n    <\/form>\n\n<\/div>\n\n\n\n\n\n\n\n\n\r\n<div id=\"filter-layout3-1\" class=\"filter-layout filter-layout3\tfilter-layout3-312334 filter-layout3-312334-1 \">\r\n\r\n\t\r\n\t\r\n\t\r\n<\/div>\r\n\r\n\r\n<div class=\"container-posts container-post-layout1\"><div class=\"post-entry ymc-xs-col-1 ymc-sm-col-2 ymc-md-col-3 ymc-lg-col-4 ymc-xl-col-4 ymc-xxl-col-4 post-layout1 post-layout1-312334 post-layout1-312334-1\"><\/div><\/div><\/div>\n<p>[\/et_pb_text][\/et_pb_column][\/et_pb_row][\/et_pb_section]<\/p>\n","protected":false},"excerpt":{"rendered":"<p>Notas de PrensaCecot pone a tu disposici\u00f3n todos los comunicados de prensa que realizamos.\n\n<style id=\"filter-grids-custom-css-2\">\/* Tarjeta del grid *\/\r\narticle.ymc-post-layout1.post-item{\r\n  display:flex !important;\r\n  flex-direction:column !important;\r\n}\r\n\r\n\/* Orden: imagen \u2192 fecha \u2192 t\u00edtulo \u2192 texto *\/\r\narticle.ymc-post-layout1.post-item .media { order:1; }\r\narticle.ymc-post-layout1.post-item .date  { order:2; }\r\narticle.ymc-post-layout1.post-item .title { order:3; }\r\narticle.ymc-post-layout1.post-item .desc,\r\narticle.ymc-post-layout1.post-item .excerpt { order:4; }\r\n\r\narticle.ymc-post-layout1.post-item .date { margin:.5rem 0; }<\/style><style id=\"filter-inline-css-2\">#ymc-smart-filter-container-2 .filter-layout3 .filter-entry, #ymc-extra-filter-2 .filter-layout3 .filter-entry { font-family:OpenSans}<\/style><div id=\"ymc-smart-filter-container-2\" \r\n\t\t\t\t  class=\"ymc-smart-filter-container ymc-filter-312334 ymc-loaded-filter ymc-filter-layout3 ymc-post-layout1 ymc-pagination-scroll-infinity data-target-ymc312334-2 data-target-ymc2 my-grid\" data-loading=\"true\"\r\n\t\t\t\t  data-params='{\"cpt\":\"premsa\",\"tax\":\"category\",\"terms\":\"\",\"default_terms\":\"\",\"exclude_posts\":\"off\",\"choices_posts\":\"\",\"posts_selected\":\"all\",\"preloader_icon\":\"preloader_1\",\"type_pg\":\"scroll-infinity\",\"per_page\":\"12\",\"page\":\"1\",\"page_scroll\":\"1\",\"preloader_filters\":\"none\",\"preloader_filters_rate\":\"0.5\",\"preloader_filters_custom\":\"\",\"post_animation\":\"\",\"popup_animation\":\"normal\",\"letter\":\"\",\"post_layout\":\"post-layout1\",\"filter_layout\":\"filter-layout3\",\"filter_id\":\"312334\",\"search\":\"\",\"search_filtered_posts\":\"0\",\"carousel_params\":&quot;&quot;,\"filter_date\":\"\",\"sort_order\":\"\",\"sort_orderby\":\"\",\"meta_key\":\"\",\"meta_query\":\"\",\"date_query\":\"\",\"data_target\":\"data-target-ymc2\",\"target_id\":\"2\",\"page_id\":\"0\"}'>\n<div id=\"search-layout\" class=\"search-layout\">\n\n    <form class=\"search-form\">\n\n        <div class=\"form-inner\">\n\n            <div class=\"component-input\">\n                <input id=\"field-search\" class=\"search-form__input field-search\" type=\"text\" name=\"search\" autocomplete=\"off\" value=\"\" placeholder=\"Buscar\">\n                <ul class=\"autocomplete-results results\"><\/ul>\n                <span class=\"clear\"><i class=\"fas fa-times\"><\/i><\/span>\n            <\/div>\n\n            <button class=\"search-form__submit btn-submit\" type=\"submit\">\n                Buscar            <\/button>\n\n        <\/div>\n\n    <\/form>\n\n<\/div>\n\n\n\n\n\n\n\n\n\r\n<div id=\"filter-layout3-2\" class=\"filter-layout filter-layout3\tfilter-layout3-312334 filter-layout3-312334-2 \">\r\n\r\n\t\r\n\t\r\n\t\r\n<\/div>\r\n\r\n\r\n<div class=\"container-posts container-post-layout1\"><div class=\"post-entry ymc-xs-col-1 ymc-sm-col-2 ymc-md-col-3 ymc-lg-col-4 ymc-xl-col-4 ymc-xxl-col-4 post-layout1 post-layout1-312334 post-layout1-312334-2\"><\/div><\/div><\/div><\/p>\n","protected":false},"author":1,"featured_media":0,"parent":0,"menu_order":0,"comment_status":"closed","ping_status":"closed","template":"","meta":{"_seopress_robots_primary_cat":"","_seopress_titles_title":"","_seopress_titles_desc":"Cecot es tu comunidad empresarial. Trabajamos d\u00eda detr\u00e1s d\u00eda por la defensa y la competitividad de las empresas y de sus profesionales. Cecot pone a tu disposici\u00f3n todos los comunicados de prensa que realizamos.","_seopress_robots_index":"","_et_pb_use_builder":"on","_et_pb_old_content":"","_et_gb_content_width":"","footnotes":""},"categoria":[],"class_list":["post-343372","page","type-page","status-publish","hentry"],"_links":{"self":[{"href":"https:\/\/cecot.org\/es\/wp-json\/wp\/v2\/pages\/343372","targetHints":{"allow":["GET"]}}],"collection":[{"href":"https:\/\/cecot.org\/es\/wp-json\/wp\/v2\/pages"}],"about":[{"href":"https:\/\/cecot.org\/es\/wp-json\/wp\/v2\/types\/page"}],"author":[{"embeddable":true,"href":"https:\/\/cecot.org\/es\/wp-json\/wp\/v2\/users\/1"}],"replies":[{"embeddable":true,"href":"https:\/\/cecot.org\/es\/wp-json\/wp\/v2\/comments?post=343372"}],"version-history":[{"count":6,"href":"https:\/\/cecot.org\/es\/wp-json\/wp\/v2\/pages\/343372\/revisions"}],"predecessor-version":[{"id":370408,"href":"https:\/\/cecot.org\/es\/wp-json\/wp\/v2\/pages\/343372\/revisions\/370408"}],"wp:attachment":[{"href":"https:\/\/cecot.org\/es\/wp-json\/wp\/v2\/media?parent=343372"}],"wp:term":[{"taxonomy":"categoria","embeddable":true,"href":"https:\/\/cecot.org\/es\/wp-json\/wp\/v2\/categoria?post=343372"}],"curies":[{"name":"wp","href":"https:\/\/api.w.org\/{rel}","templated":true}]}}