{"id":342025,"date":"2024-09-16T11:16:40","date_gmt":"2024-09-16T09:16:40","guid":{"rendered":"https:\/\/provacecot.org\/equipo-cecot\/"},"modified":"2026-03-23T12:39:12","modified_gmt":"2026-03-23T10:39:12","slug":"equipo-cecot","status":"publish","type":"page","link":"https:\/\/cecot.org\/es\/equipo-cecot\/","title":{"rendered":"Equipo Cecot"},"content":{"rendered":"<p>[et_pb_section fb_built=&#8221;1&#8243; custom_padding_last_edited=&#8221;on|tablet&#8221; admin_label=&#8221;Section&#8221; _builder_version=&#8221;4.24.2&#8243; _module_preset=&#8221;default&#8221; use_background_color_gradient=&#8221;on&#8221; background_color_gradient_direction=&#8221;90deg&#8221; background_color_gradient_stops=&#8221;rgba(0,185,233,0.75) 0%|rgba(61,61,61,0.35) 100%&#8221; background_color_gradient_overlays_image=&#8221;on&#8221; background_image=&#8221;https:\/\/cecot.org\/wp-content\/uploads\/2024\/04\/equip.webp&#8221; custom_margin=&#8221;||||false|false&#8221; custom_margin_tablet=&#8221;||||false|false&#8221; custom_margin_phone=&#8221;||||false|false&#8221; custom_margin_last_edited=&#8221;on|tablet&#8221; custom_padding=&#8221;88px||88px||true|false&#8221; custom_padding_tablet=&#8221;||||false|false&#8221; custom_padding_phone=&#8221;||||false|false&#8221; da_disable_devices=&#8221;off|off|off&#8221; locked=&#8221;off&#8221; global_colors_info=&#8221;{}&#8221; da_is_popup=&#8221;off&#8221; da_exit_intent=&#8221;off&#8221; da_has_close=&#8221;on&#8221; da_alt_close=&#8221;off&#8221; da_dark_close=&#8221;off&#8221; da_not_modal=&#8221;on&#8221; da_is_singular=&#8221;off&#8221; da_with_loader=&#8221;off&#8221; da_has_shadow=&#8221;on&#8221;][et_pb_row _builder_version=&#8221;4.22.1&#8243; _module_preset=&#8221;default&#8221; custom_margin=&#8221;||||true|false&#8221; custom_margin_tablet=&#8221;0px||0px||false|false&#8221; custom_margin_phone=&#8221;||||false|false&#8221; custom_margin_last_edited=&#8221;on|tablet&#8221; custom_padding=&#8221;||||true|false&#8221; global_colors_info=&#8221;{}&#8221;][et_pb_column type=&#8221;4_4&#8243; _builder_version=&#8221;4.22.1&#8243; _module_preset=&#8221;default&#8221; global_colors_info=&#8221;{}&#8221;][et_pb_text content_tablet=&#8221;<\/p>\n<h1>\u00bfTienes esp\u00edritu emprendedor y quieres tener<br \/><span id=%22titular-compliance%22>tu propia empresa?<\/span> Est\u00e1s al lugar indicado<\/h1>\n<p>&#8221; content_phone=&#8221;<\/p>\n<h1>\u00bfTienes esp\u00edritu emprendedor y quieres tener<\/h1>\n<h1><span id=%22titular-compliance%22>tu propia <\/span><\/h1>\n<h1><span id=%22titular-compliance%22>empresa?<\/span><\/h1>\n<h1>Est\u00e1s al lugar indicado<\/h1>\n<p>&#8221; content_last_edited=&#8221;off|desktop&#8221; _builder_version=&#8221;4.25.1&#8243; _module_preset=&#8221;default&#8221; text_text_color=&#8221;#FFFFFF&#8221; header_text_color=&#8221;#FFFFFF&#8221; header_font_size=&#8221;48px&#8221; header_line_height=&#8221;1.4em&#8221; header_2_font=&#8221;Assistant|500|||||||&#8221; header_2_text_color=&#8221;#ffffff&#8221; header_2_font_size=&#8221;25px&#8221; header_2_line_height=&#8221;1.4em&#8221; header_3_text_color=&#8221;#FFFFFF&#8221; header_3_font_size=&#8221;25px&#8221; custom_margin=&#8221;0px||0px||false|false&#8221; header_font_size_tablet=&#8221;48px&#8221; header_font_size_phone=&#8221;42px&#8221; header_font_size_last_edited=&#8221;on|tablet&#8221; global_colors_info=&#8221;{}&#8221;]<\/p>\n<h1>Equipo Cecot<\/h1>\n<p>[\/et_pb_text][\/et_pb_column][\/et_pb_row][\/et_pb_section][et_pb_section fb_built=&#8221;1&#8243; _builder_version=&#8221;4.24.2&#8243; _module_preset=&#8221;default&#8221; background_enable_color=&#8221;off&#8221; custom_padding=&#8221;20px||20px||false|false&#8221; da_disable_devices=&#8221;off|off|off&#8221; border_color_top=&#8221;#999999&#8243; locked=&#8221;off&#8221; global_colors_info=&#8221;{%22gcid-d036505a-aba9-4d6b-bf63-64602c2b1939%22:%91%22background_color%22%93}&#8221; da_is_popup=&#8221;off&#8221; da_exit_intent=&#8221;off&#8221; da_has_close=&#8221;on&#8221; da_alt_close=&#8221;off&#8221; da_dark_close=&#8221;off&#8221; da_not_modal=&#8221;on&#8221; da_is_singular=&#8221;off&#8221; da_with_loader=&#8221;off&#8221; da_has_shadow=&#8221;on&#8221;][et_pb_row _builder_version=&#8221;4.24.2&#8243; _module_preset=&#8221;default&#8221; custom_padding=&#8221;||6px|||&#8221; locked=&#8221;off&#8221; global_colors_info=&#8221;{}&#8221;][et_pb_column type=&#8221;4_4&#8243; _builder_version=&#8221;4.24.2&#8243; _module_preset=&#8221;default&#8221; global_colors_info=&#8221;{}&#8221;][et_pb_text _builder_version=&#8221;4.27.6&#8243; _module_preset=&#8221;default&#8221; header_text_align=&#8221;center&#8221; header_font_size=&#8221;31px&#8221; header_2_text_align=&#8221;center&#8221; header_2_font_size=&#8221;30px&#8221; custom_margin=&#8221;||-4px|||&#8221; hover_enabled=&#8221;0&#8243; global_colors_info=&#8221;{}&#8221; sticky_enabled=&#8221;0&#8243;]<\/p>\n<h2>Equipo Directivo<\/h2>\n<p>[\/et_pb_text][\/et_pb_column][\/et_pb_row][et_pb_row _builder_version=&#8221;4.24.2&#8243; _module_preset=&#8221;default&#8221; max_width=&#8221;1150px&#8221; custom_padding=&#8221;||0px|||&#8221; global_colors_info=&#8221;{}&#8221;][et_pb_column type=&#8221;4_4&#8243; _builder_version=&#8221;4.24.2&#8243; _module_preset=&#8221;default&#8221; custom_css_main_element=&#8221;  display: grid; ||    grid-template-rows: repeat(4, auto);||grid-template-columns: repeat(auto-fit, minmax(285px, 1fr));||    grid-gap: 20px;||\/*  grid-template-areas: ||    %22. . . a1 a1 . . .%22||    %22a2 a2 a3 a3 a4 a4 a5 a5%22||    %22a7 a7 a8 a8 a9 a9 a10 a10%22||    %22a11 a11 a12 a12 a13 a13 a14 a14%22; ||*\/&#8221; global_colors_info=&#8221;{}&#8221;][dsm_card title=&#8221;Oriol Alba&#8221; subtitle=&#8221;Secretario General&#8221; image=&#8221;https:\/\/cecot.org\/wp-content\/uploads\/2024\/09\/membres-junta-web_0008_Oriol-Alba.png&#8221; image_as_background=&#8221;off&#8221; content_padding=&#8221;20px|0px|0px|0px|false|true&#8221; button_url_new_window=&#8221;1&#8243; _builder_version=&#8221;4.27.2&#8243; _module_preset=&#8221;default&#8221; header_level=&#8221;h3&#8243; header_font_size=&#8221;22px&#8221; subhead_font_size=&#8221;20px&#8221; custom_padding=&#8221;0px|0px|0px|0px|true|true&#8221; global_colors_info=&#8221;{}&#8221;][\/dsm_card][dsm_card title=&#8221;N\u00faria Amela&#8221; subtitle=&#8221;Directora de Atenci\u00f3n a Empresas y Colectivos&#8221; image=&#8221;https:\/\/cecot.org\/wp-content\/uploads\/2024\/12\/nuria-mela-cecot.webp&#8221; image_as_background=&#8221;off&#8221; alt=&#8221;nuria amela  &#8221; content_padding=&#8221;20px|0px|0px|0px|false|true&#8221; button_url_new_window=&#8221;1&#8243; _builder_version=&#8221;4.27.4&#8243; _module_preset=&#8221;default&#8221; header_level=&#8221;h3&#8243; header_font_size=&#8221;22px&#8221; subhead_font_size=&#8221;20px&#8221; custom_margin=&#8221;0px|0px|0px|0px|true|true&#8221; custom_padding=&#8221;0px|0px|0px|0px|true|true&#8221; global_colors_info=&#8221;{}&#8221;][\/dsm_card][dsm_card title=&#8221;Juan Jos\u00e9 Albericio&#8221; subtitle=&#8221;Director de Gesti\u00f3n y Soporte Interno&#8221; image=&#8221;https:\/\/cecot.org\/wp-content\/uploads\/2024\/10\/junjo-png.avif&#8221; image_as_background=&#8221;off&#8221; alt=&#8221;junjo&#8221; content_padding=&#8221;20px|0px|0px|0px|false|true&#8221; button_url_new_window=&#8221;1&#8243; _builder_version=&#8221;4.27.2&#8243; _module_preset=&#8221;default&#8221; header_level=&#8221;h3&#8243; header_font_size=&#8221;22px&#8221; subhead_font_size=&#8221;20px&#8221; custom_padding=&#8221;0px|0px|0px|0px|true|true&#8221; global_colors_info=&#8221;{}&#8221;][\/dsm_card][dsm_card title=&#8221;Laura Sallent&#8221; subtitle=&#8221;Directora de Emprendimiento y Crecimiento Empresarial&#8221; image=&#8221;https:\/\/cecot.org\/wp-content\/uploads\/2024\/04\/Laura-Sallent.webp&#8221; image_as_background=&#8221;off&#8221; content_padding=&#8221;20px|0px|0px|0px|false|true&#8221; button_url_new_window=&#8221;1&#8243; _builder_version=&#8221;4.24.2&#8243; _module_preset=&#8221;default&#8221; header_level=&#8221;h3&#8243; header_font_size=&#8221;22px&#8221; subhead_font_size=&#8221;20px&#8221; custom_padding=&#8221;0px|0px|0px|0px|true|true&#8221; global_colors_info=&#8221;{}&#8221;][\/dsm_card][dsm_card title=&#8221;Eul\u00e0lia Mart\u00ednez&#8221; subtitle=&#8221;Directora de Formaci\u00f3n  Desarrollo&#8221; image=&#8221;https:\/\/cecot.org\/wp-content\/uploads\/2023\/08\/eulalia-martinez.png&#8221; image_as_background=&#8221;off&#8221; alt=&#8221;eulalia martinez&#8221; content_padding=&#8221;20px|0px|0px|0px|false|true&#8221; button_url_new_window=&#8221;1&#8243; _builder_version=&#8221;4.25.1&#8243; _module_preset=&#8221;default&#8221; header_level=&#8221;h3&#8243; header_font_size=&#8221;22px&#8221; subhead_font_size=&#8221;20px&#8221; custom_padding=&#8221;0px|0px|0px|0px|true|true&#8221; global_colors_info=&#8221;{}&#8221;][\/dsm_card][dsm_card title=&#8221;Jordi P\u00e9rez&#8221; subtitle=&#8221;Director de Marketing y Ventas&#8221; image=&#8221;https:\/\/cecot.org\/wp-content\/uploads\/2024\/10\/jordi-perez-dir-marqueting-vendes-png.avif&#8221; image_as_background=&#8221;off&#8221; alt=&#8221;jordi perez dir marqueting vendes&#8221; content_padding=&#8221;20px|0px|0px|0px|false|true&#8221; button_url_new_window=&#8221;1&#8243; _builder_version=&#8221;4.27.2&#8243; _module_preset=&#8221;default&#8221; header_level=&#8221;h3&#8243; header_font_size=&#8221;22px&#8221; subhead_font_size=&#8221;20px&#8221; custom_padding=&#8221;0px|0px|0px|0px|true|true&#8221; global_colors_info=&#8221;{}&#8221;][\/dsm_card][dsm_card title=&#8221;Josep Casas&#8221; subtitle=&#8221;Director de Energ\u00eda y Sostenibilidad&#8221; image=&#8221;https:\/\/cecot.org\/wp-content\/uploads\/2024\/06\/josep-casas.png&#8221; image_as_background=&#8221;off&#8221; alt=&#8221;josep casas&#8221; content_padding=&#8221;20px|0px|0px|0px|false|true&#8221; button_url_new_window=&#8221;1&#8243; _builder_version=&#8221;4.25.1&#8243; _module_preset=&#8221;default&#8221; header_level=&#8221;h3&#8243; header_font_size=&#8221;22px&#8221; subhead_font_size=&#8221;20px&#8221; custom_padding=&#8221;0px|0px|0px|0px|true|true&#8221; global_colors_info=&#8221;{}&#8221;][\/dsm_card][dsm_card title=&#8221;Abraham Arcos&#8221; subtitle=&#8221;Director de Transformaci\u00f3n Digital e innovaci\u00f3n&#8221; image=&#8221;https:\/\/cecot.org\/wp-content\/uploads\/2024\/04\/Abraham.webp&#8221; image_as_background=&#8221;off&#8221; content_padding=&#8221;20px|0px|0px|0px|false|true&#8221; button_url_new_window=&#8221;1&#8243; _builder_version=&#8221;4.24.2&#8243; _module_preset=&#8221;default&#8221; header_level=&#8221;h3&#8243; header_font_size=&#8221;22px&#8221; subhead_font_size=&#8221;20px&#8221; custom_padding=&#8221;0px|0px|0px|0px|true|true&#8221; global_colors_info=&#8221;{}&#8221;][\/dsm_card][dsm_card title=&#8221;Raquel Moreno&#8221; subtitle=&#8221;Directora de Comunicaci\u00f3n Corporativa y Relaciones Institucionales&#8221; image=&#8221;https:\/\/cecot.org\/wp-content\/uploads\/2024\/10\/raquel-moreno-png.avif&#8221; image_as_background=&#8221;off&#8221; alt=&#8221;raquel moreno&#8221; content_padding=&#8221;20px|0px|0px|0px|false|true&#8221; button_url_new_window=&#8221;1&#8243; _builder_version=&#8221;4.27.2&#8243; _module_preset=&#8221;default&#8221; header_level=&#8221;h3&#8243; header_font_size=&#8221;22px&#8221; subhead_font_size=&#8221;20px&#8221; custom_padding=&#8221;0px|0px|0px|0px|true|true&#8221; global_colors_info=&#8221;{}&#8221;][\/dsm_card][\/et_pb_column][\/et_pb_row][\/et_pb_section][et_pb_section fb_built=&#8221;1&#8243; _builder_version=&#8221;4.27.0&#8243; _module_preset=&#8221;default&#8221; background_color=&#8221;gcid-d036505a-aba9-4d6b-bf63-64602c2b1939&#8243; da_disable_devices=&#8221;off|off|off&#8221; locked=&#8221;off&#8221; global_colors_info=&#8221;{%22gcid-d036505a-aba9-4d6b-bf63-64602c2b1939%22:%91%22background_color%22%93}&#8221; da_is_popup=&#8221;off&#8221; da_exit_intent=&#8221;off&#8221; da_has_close=&#8221;on&#8221; da_alt_close=&#8221;off&#8221; da_dark_close=&#8221;off&#8221; da_not_modal=&#8221;on&#8221; da_is_singular=&#8221;off&#8221; da_with_loader=&#8221;off&#8221; da_has_shadow=&#8221;on&#8221;][et_pb_row _builder_version=&#8221;4.25.0&#8243; _module_preset=&#8221;default&#8221; custom_padding=&#8221;0px||0px||false|false&#8221; global_colors_info=&#8221;{}&#8221;][et_pb_column type=&#8221;4_4&#8243; _builder_version=&#8221;4.25.0&#8243; _module_preset=&#8221;default&#8221; global_colors_info=&#8221;{}&#8221;][et_pb_text _builder_version=&#8221;4.27.2&#8243; _module_preset=&#8221;default&#8221; header_2_text_align=&#8221;center&#8221; global_colors_info=&#8221;{}&#8221;]<\/p>\n<h2>\u00a1El Equipo!<\/h2>\n<p>[\/et_pb_text][\/et_pb_column][\/et_pb_row][et_pb_row _builder_version=&#8221;4.27.0&#8243; _module_preset=&#8221;default&#8221; custom_margin=&#8221;||0px||false|false&#8221; custom_padding=&#8221;25px||0px||false|false&#8221; global_colors_info=&#8221;{}&#8221;][et_pb_column type=&#8221;4_4&#8243; _builder_version=&#8221;4.25.0&#8243; _module_preset=&#8221;default&#8221; global_colors_info=&#8221;{}&#8221;][et_pb_code _builder_version=&#8221;4.27.5&#8243; _module_preset=&#8221;default&#8221; global_colors_info=&#8221;{}&#8221;]<!-- [et_pb_line_break_holder] --><div class=\"gm-contenidor\" style=\"max-width:980px\"><div class=\"gm-masonry\" id=\"gm_equip\" style=\"column-count:3;column-gap:10px;\"><a class=\"gm-item\" href=\"#\" data-gran=\"https:\/\/cecot.org\/wp-content\/uploads\/2026\/02\/trobada-nadal-2025.webp\"><img src=\"https:\/\/cecot.org\/wp-content\/uploads\/2026\/02\/trobada-nadal-2025-1024x769.webp\" alt=\"trobada nadal 2025\" loading=\"lazy\" decoding=\"async\" \/><\/a><a class=\"gm-item\" href=\"#\" data-gran=\"https:\/\/cecot.org\/wp-content\/uploads\/2026\/02\/cecot__0002_equip-10.webp\"><img src=\"https:\/\/cecot.org\/wp-content\/uploads\/2026\/02\/cecot__0002_equip-10-1024x576.webp\" alt=\"cecot 0002 equip 10\" loading=\"lazy\" decoding=\"async\" \/><\/a><a class=\"gm-item\" href=\"#\" data-gran=\"https:\/\/cecot.org\/wp-content\/uploads\/2026\/02\/cecot__0004_equip-08.webp\"><img src=\"https:\/\/cecot.org\/wp-content\/uploads\/2026\/02\/cecot__0004_equip-08-1024x576.webp\" alt=\"cecot 0004 equip 08\" loading=\"lazy\" decoding=\"async\" \/><\/a><a class=\"gm-item\" href=\"#\" data-gran=\"https:\/\/cecot.org\/wp-content\/uploads\/2026\/02\/equip-napols-barcelona.webp\"><img src=\"https:\/\/cecot.org\/wp-content\/uploads\/2026\/02\/equip-napols-barcelona-1024x576.webp\" alt=\"equip napols barcelona\" loading=\"lazy\" decoding=\"async\" \/><\/a><a class=\"gm-item\" href=\"#\" data-gran=\"https:\/\/cecot.org\/wp-content\/uploads\/2026\/02\/firewalk-trobada-interna.webp\"><img src=\"https:\/\/cecot.org\/wp-content\/uploads\/2026\/02\/firewalk-trobada-interna-1024x769.webp\" alt=\"firewalk trobada interna\" loading=\"lazy\" decoding=\"async\" \/><\/a><a class=\"gm-item\" href=\"#\" data-gran=\"https:\/\/cecot.org\/wp-content\/uploads\/2026\/02\/firewalk-trobada-interna-3.webp\"><img src=\"https:\/\/cecot.org\/wp-content\/uploads\/2026\/02\/firewalk-trobada-interna-3-1024x769.webp\" alt=\"firewalk trobada interna 3\" loading=\"lazy\" decoding=\"async\" \/><\/a><a class=\"gm-item\" href=\"#\" data-gran=\"https:\/\/cecot.org\/wp-content\/uploads\/2026\/02\/firewalk-trobada-interna-4.webp\"><img src=\"https:\/\/cecot.org\/wp-content\/uploads\/2026\/02\/firewalk-trobada-interna-4-1024x769.webp\" alt=\"firewalk trobada interna 4\" loading=\"lazy\" decoding=\"async\" \/><\/a><a class=\"gm-item\" href=\"#\" data-gran=\"https:\/\/cecot.org\/wp-content\/uploads\/2026\/02\/sessio-de-treball-interna.webp\"><img src=\"https:\/\/cecot.org\/wp-content\/uploads\/2026\/02\/sessio-de-treball-interna-1024x576.webp\" alt=\"sessio de treball interna\" loading=\"lazy\" decoding=\"async\" \/><\/a><a class=\"gm-item\" href=\"#\" data-gran=\"https:\/\/cecot.org\/wp-content\/uploads\/2026\/02\/sessio-de-treball-interna-oriol.webp\"><img src=\"https:\/\/cecot.org\/wp-content\/uploads\/2026\/02\/sessio-de-treball-interna-oriol-1024x576.webp\" alt=\"sessio de treball interna oriol\" loading=\"lazy\" decoding=\"async\" \/><\/a><\/div><div class=\"gm-lightbox\" data-gm-lightbox=\"gm_equip\" aria-hidden=\"true\"><button class=\"gm-tancar\" type=\"button\" aria-label=\"Tancar\">\u00d7<\/button><img class=\"gm-imatge\" alt=\"\" \/><\/div><\/div><!-- [et_pb_line_break_holder] -->[\/et_pb_code][\/et_pb_column][\/et_pb_row][\/et_pb_section][et_pb_section fb_built=&#8221;1&#8243; _builder_version=&#8221;4.25.1&#8243; _module_preset=&#8221;default&#8221; da_disable_devices=&#8221;off|off|off&#8221; global_colors_info=&#8221;{}&#8221; da_is_popup=&#8221;off&#8221; da_exit_intent=&#8221;off&#8221; da_has_close=&#8221;on&#8221; da_alt_close=&#8221;off&#8221; da_dark_close=&#8221;off&#8221; da_not_modal=&#8221;on&#8221; da_is_singular=&#8221;off&#8221; da_with_loader=&#8221;off&#8221; da_has_shadow=&#8221;on&#8221;][et_pb_row _builder_version=&#8221;4.27.0&#8243; _module_preset=&#8221;default&#8221; background_color=&#8221;gcid-3066beb6-fed7-4bbf-8db2-446dce6a0767&#8243; width_tablet=&#8221;60%&#8221; width_phone=&#8221;60%&#8221; width_last_edited=&#8221;off|desktop&#8221; max_width=&#8221;1080px&#8221; max_width_tablet=&#8221;80%&#8221; max_width_phone=&#8221;80%&#8221; max_width_last_edited=&#8221;off|desktop&#8221; border_radii=&#8221;on|20px|20px|20px|20px&#8221; global_colors_info=&#8221;{%22gcid-3066beb6-fed7-4bbf-8db2-446dce6a0767%22:%91%22background_color%22%93}&#8221;][et_pb_column type=&#8221;4_4&#8243; _builder_version=&#8221;4.25.1&#8243; _module_preset=&#8221;default&#8221; global_colors_info=&#8221;{}&#8221;][et_pb_text _builder_version=&#8221;4.27.0&#8243; _module_preset=&#8221;default&#8221; text_text_color=&#8221;#FFFFFF&#8221; text_font_size=&#8221;20px&#8221; text_line_height=&#8221;1.4em&#8221; header_2_text_color=&#8221;#FFFFFF&#8221; header_2_line_height=&#8221;1.2em&#8221; background_enable_color=&#8221;off&#8221; max_width_tablet=&#8221;75%&#8221; max_width_phone=&#8221;75%&#8221; max_width_last_edited=&#8221;off|desktop&#8221; module_alignment=&#8221;center&#8221; custom_padding=&#8221;20px|20px|10px|20px|false|false&#8221; global_colors_info=&#8221;{%22gcid-3066beb6-fed7-4bbf-8db2-446dce6a0767%22:%91%22background_color%22%93}&#8221;]<\/p>\n<h2 style=\"text-align: center;\">\u00bfQuieres trabajar con nosotros?<\/h2>\n<p style=\"text-align: center;\"><span>\u00bfTe gustar\u00eda trabajar a la Cecot? Env\u00edanos tus datos, el curr\u00edculum y la carta de presentaci\u00f3n <\/span><\/p>\n<p>[\/et_pb_text][et_pb_button button_url=&#8221;@ET-DC@eyJkeW5hbWljIjp0cnVlLCJjb250ZW50IjoicG9zdF9saW5rX3VybF9wYWdlIiwic2V0dGluZ3MiOnsicG9zdF9pZCI6IjMzODgzOCIsImVuYWJsZV9odG1sIjoib2ZmIn19@&#8221; button_text=&#8221;Ver m\u00e1s&#8221; button_alignment=&#8221;center&#8221; _builder_version=&#8221;4.27.4&#8243; _dynamic_attributes=&#8221;button_url&#8221; _module_preset=&#8221;1ff3e1a7-8cd8-4e14-a135-7e3b1d004c44&#8243; button_text_size=&#8221;17px&#8221; button_text_color=&#8221;gcid-3066beb6-fed7-4bbf-8db2-446dce6a0767&#8243; global_colors_info=&#8221;{%22gcid-3066beb6-fed7-4bbf-8db2-446dce6a0767%22:%91%22button_text_color%22%93}&#8221;][\/et_pb_button][\/et_pb_column][\/et_pb_row][\/et_pb_section]<\/p>\n","protected":false},"excerpt":{"rendered":"<p>Equipo CecotEquipo Directivo<div class=\"et_pb_module dsm_card dsm_card_0 et_pb_bg_layout_light  dsm_card_layout_stacked\">\n\t\t\t\t\n\t\t\t\t\n\t\t\t\t\n\t\t\t\t\n\t\t\t\t\n\t\t\t\t\n\t\t\t\t<div class=\"et_pb_module_inner\">\n\t\t\t\t\t\n\t\t\t\n\t\t\t<figure class=\"dsm_card_image_wrapper dsm_card_badge_top_right\"><img decoding=\"async\" src=\"https:\/\/cecot.org\/wp-content\/uploads\/2024\/09\/membres-junta-web_0008_Oriol-Alba.png\" alt=\"\" srcset=\"https:\/\/cecot.org\/wp-content\/uploads\/2024\/09\/membres-junta-web_0008_Oriol-Alba.png 560w, https:\/\/cecot.org\/wp-content\/uploads\/2024\/09\/membres-junta-web_0008_Oriol-Alba-480x360.png 480w\" sizes=\"(min-width: 0px) and (max-width: 480px) 480px, (min-width: 481px) 560px, 100vw\" class=\"dsm_card_img\" \/><\/figure>\n\t\t\t<div class=\"dsm_card_wrapper et_pb_text_align_left\">\n\t\t\t\t\t\n\t\t\t\t\t<h3 class=\"dsm_card_title et_pb_module_header\">Oriol Alba<\/h3>\n\t\t\t\t\t<div class=\"dsm_card_subtitle\">Secretario General<\/div>\n\t\t\t\t\t\n\t\t\t\t\t\n\t\t\t\t<\/div>\n\t\t\t\n\t\t\t\t<\/div>\n\t\t\t<\/div><div class=\"et_pb_module dsm_card dsm_card_1 et_pb_bg_layout_light  dsm_card_layout_stacked\">\n\t\t\t\t\n\t\t\t\t\n\t\t\t\t\n\t\t\t\t\n\t\t\t\t\n\t\t\t\t\n\t\t\t\t<div class=\"et_pb_module_inner\">\n\t\t\t\t\t\n\t\t\t\n\t\t\t<figure class=\"dsm_card_image_wrapper dsm_card_badge_top_right\"><img decoding=\"async\" src=\"https:\/\/cecot.org\/wp-content\/uploads\/2024\/12\/nuria-mela-cecot.webp\" alt=\"nuria amela \" srcset=\"https:\/\/cecot.org\/wp-content\/uploads\/2024\/12\/nuria-mela-cecot.webp 560w, https:\/\/cecot.org\/wp-content\/uploads\/2024\/12\/nuria-mela-cecot-480x360.webp 480w\" sizes=\"(min-width: 0px) and (max-width: 480px) 480px, (min-width: 481px) 560px, 100vw\" class=\"dsm_card_img\" \/><\/figure>\n\t\t\t<div class=\"dsm_card_wrapper et_pb_text_align_left\">\n\t\t\t\t\t\n\t\t\t\t\t<h3 class=\"dsm_card_title et_pb_module_header\">N\u00faria Amela<\/h3>\n\t\t\t\t\t<div class=\"dsm_card_subtitle\">Directora de Atenci\u00f3n a Empresas y Colectivos<\/div>\n\t\t\t\t\t\n\t\t\t\t\t\n\t\t\t\t<\/div>\n\t\t\t\n\t\t\t\t<\/div>\n\t\t\t<\/div><div class=\"et_pb_module dsm_card dsm_card_2 et_pb_bg_layout_light  dsm_card_layout_stacked\">\n\t\t\t\t\n\t\t\t\t\n\t\t\t\t\n\t\t\t\t\n\t\t\t\t\n\t\t\t\t\n\t\t\t\t<div class=\"et_pb_module_inner\">\n\t\t\t\t\t\n\t\t\t\n\t\t\t<figure class=\"dsm_card_image_wrapper dsm_card_badge_top_right\"><img decoding=\"async\" src=\"\" alt=\"&#8221;junjo&#8221;\" class=\"et_multi_view_hidden_image dsm_card_img\" \/><\/figure>\n\t\t\t<div class=\"dsm_card_wrapper et_pb_text_align_left\">\n\t\t\t\t\t\n\t\t\t\t\t<h4 class=\"dsm_card_title et_pb_module_header\">&#8221;Juan<\/h4>\n\t\t\t\t\t<div class=\"dsm_card_subtitle\">&#8221;Director<\/div>\n\t\t\t\t\t\n\t\t\t\t\t\n\t\t\t\t<\/div>\n\t\t\t\n\t\t\t\t<\/div>\n\t\t\t<\/div><\/p>\n","protected":false},"author":1,"featured_media":360385,"parent":0,"menu_order":0,"comment_status":"closed","ping_status":"closed","template":"","meta":{"_seopress_robots_primary_cat":"","_seopress_titles_title":"","_seopress_titles_desc":"Conoce al equipo directivo de la Cecot, liderado por el secretario general Oriol Alba, y nuestros profesionales altamente cualificados.","_seopress_robots_index":"","_et_pb_use_builder":"on","_et_pb_old_content":"","_et_gb_content_width":"","footnotes":""},"categoria":[],"class_list":["post-342025","page","type-page","status-publish","has-post-thumbnail","hentry"],"_links":{"self":[{"href":"https:\/\/cecot.org\/es\/wp-json\/wp\/v2\/pages\/342025","targetHints":{"allow":["GET"]}}],"collection":[{"href":"https:\/\/cecot.org\/es\/wp-json\/wp\/v2\/pages"}],"about":[{"href":"https:\/\/cecot.org\/es\/wp-json\/wp\/v2\/types\/page"}],"author":[{"embeddable":true,"href":"https:\/\/cecot.org\/es\/wp-json\/wp\/v2\/users\/1"}],"replies":[{"embeddable":true,"href":"https:\/\/cecot.org\/es\/wp-json\/wp\/v2\/comments?post=342025"}],"version-history":[{"count":41,"href":"https:\/\/cecot.org\/es\/wp-json\/wp\/v2\/pages\/342025\/revisions"}],"predecessor-version":[{"id":386388,"href":"https:\/\/cecot.org\/es\/wp-json\/wp\/v2\/pages\/342025\/revisions\/386388"}],"wp:featuredmedia":[{"embeddable":true,"href":"https:\/\/cecot.org\/es\/wp-json\/wp\/v2\/media\/360385"}],"wp:attachment":[{"href":"https:\/\/cecot.org\/es\/wp-json\/wp\/v2\/media?parent=342025"}],"wp:term":[{"taxonomy":"categoria","embeddable":true,"href":"https:\/\/cecot.org\/es\/wp-json\/wp\/v2\/categoria?post=342025"}],"curies":[{"name":"wp","href":"https:\/\/api.w.org\/{rel}","templated":true}]}}